{"id":145889,"date":"2025-03-04T10:58:41","date_gmt":"2025-03-04T10:58:41","guid":{"rendered":"https:\/\/energyconsult-group.no\/?page_id=145889"},"modified":"2025-03-25T13:51:29","modified_gmt":"2025-03-25T13:51:29","slug":"energy-consult-nordics-lediga-platser","status":"publish","type":"page","link":"https:\/\/energyconsult-group.no\/sv\/energy-consult-nordics-lediga-platser\/","title":{"rendered":"Energy Consult Nordics &#8211; Lediga platser"},"content":{"rendered":"<div class=\"wpb-content-wrapper\"><p>[vc_row unlock_row_content=&#8221;yes&#8221; row_height_percent=&#8221;100&#8243; override_padding=&#8221;yes&#8221; h_padding=&#8221;4&#8243; top_padding=&#8221;5&#8243; bottom_padding=&#8221;2&#8243; back_color=&#8221;color-nhtu&#8221; back_image=&#8221;145337&#8243; overlay_color=&#8221;color-188356&#8243; overlay_alpha=&#8221;0&#8243; gutter_size=&#8221;3&#8243; column_width_percent=&#8221;100&#8243; shift_y=&#8221;0&#8243; z_index=&#8221;0&#8243; bottom_divider=&#8221;gradient&#8221; content_parallax=&#8221;3&#8243; uncode_shortcode_id=&#8221;172946&#8243; back_color_type=&#8221;uncode-palette&#8221; el_class=&#8221;overflow-hidden&#8221; overlay_color_type=&#8221;uncode-palette&#8221;][vc_column column_width_percent=&#8221;100&#8243; position_vertical=&#8221;bottom&#8221; gutter_size=&#8221;4&#8243; style=&#8221;dark&#8221; overlay_alpha=&#8221;50&#8243; shift_x=&#8221;0&#8243; shift_y=&#8221;0&#8243; shift_y_down=&#8221;0&#8243; z_index=&#8221;0&#8243; medium_width=&#8221;0&#8243; mobile_width=&#8221;0&#8243; width=&#8221;1\/1&#8243; uncode_shortcode_id=&#8221;112102&#8243;][vc_row_inner row_inner_height_percent=&#8221;0&#8243; overlay_alpha=&#8221;50&#8243; gutter_size=&#8221;4&#8243; shift_y=&#8221;0&#8243; z_index=&#8221;0&#8243; limit_content=&#8221;&#8221; uncode_shortcode_id=&#8221;171274&#8243;][vc_column_inner column_width_percent=&#8221;100&#8243; gutter_size=&#8221;3&#8243; style=&#8221;dark&#8221; overlay_alpha=&#8221;50&#8243; shift_x=&#8221;0&#8243; shift_y=&#8221;0&#8243; shift_y_down=&#8221;0&#8243; z_index=&#8221;0&#8243; medium_width=&#8221;0&#8243; mobile_width=&#8221;0&#8243; width=&#8221;8\/12&#8243; uncode_shortcode_id=&#8221;898854&#8243;][vc_empty_space empty_h=&#8221;5&#8243;][vc_custom_heading text_font=&#8221;font-469684&#8243; text_size=&#8221;custom&#8221; text_weight=&#8221;500&#8243; css_animation=&#8221;curtain&#8221; animation_speed=&#8221;1000&#8243; animation_delay=&#8221;400&#8243; uncode_shortcode_id=&#8221;176377&#8243; heading_custom_size=&#8221;clamp(43px,5vw,100px)&#8221;]Lediga<br \/>\nplatser[\/vc_custom_heading][\/vc_column_inner][vc_column_inner column_width_percent=&#8221;100&#8243; position_vertical=&#8221;middle&#8221; align_horizontal=&#8221;align_center&#8221; gutter_size=&#8221;2&#8243; style=&#8221;dark&#8221; overlay_alpha=&#8221;50&#8243; shift_x=&#8221;0&#8243; shift_y=&#8221;0&#8243; shift_y_down=&#8221;0&#8243; z_index=&#8221;0&#8243; desktop_visibility=&#8221;yes&#8221; medium_visibility=&#8221;yes&#8221; medium_width=&#8221;0&#8243; mobile_visibility=&#8221;yes&#8221; mobile_width=&#8221;0&#8243; css_animation=&#8221;right-t-left&#8221; width=&#8221;2\/12&#8243; uncode_shortcode_id=&#8221;137307&#8243; link_to=&#8221;url:https%3A%2F%2Fwww.dibk.no%2Fsentral-godkjenning%2Fcentral-approval-in-english%2Fabout-central-approval|target:_blank&#8221;][vc_single_image media=&#8221;145157&#8243; media_width_percent=&#8221;20&#8243; alignment=&#8221;center&#8221; uncode_shortcode_id=&#8221;559676&#8243;][vc_custom_heading heading_semantic=&#8221;h6&#8243; text_font=&#8221;font-469684&#8243; text_size=&#8221;h4&#8243; text_weight=&#8221;500&#8243; uncode_shortcode_id=&#8221;201327&#8243;]\u2e3a Certified Expertise by the<br \/>\nNorwegian Building Authority[\/vc_custom_heading][\/vc_column_inner][vc_column_inner column_width_percent=&#8221;100&#8243; gutter_size=&#8221;2&#8243; style=&#8221;dark&#8221; overlay_alpha=&#8221;50&#8243; shift_x=&#8221;0&#8243; shift_y=&#8221;0&#8243; shift_y_down=&#8221;0&#8243; z_index=&#8221;0&#8243; desktop_visibility=&#8221;yes&#8221; medium_visibility=&#8221;yes&#8221; medium_width=&#8221;0&#8243; mobile_visibility=&#8221;yes&#8221; mobile_width=&#8221;0&#8243; css_animation=&#8221;alpha-anim&#8221; animation_speed=&#8221;1000&#8243; width=&#8221;2\/12&#8243; uncode_shortcode_id=&#8221;194512&#8243;][vc_icon icon_image=&#8221;145132&#8243; media_size=&#8221;300&#8243; uncode_shortcode_id=&#8221;173871&#8243;][\/vc_icon][vc_custom_heading heading_semantic=&#8221;h6&#8243; text_font=&#8221;font-469684&#8243; text_size=&#8221;h5&#8243; uncode_shortcode_id=&#8221;173155&#8243;]Energy Awards 2024[\/vc_custom_heading][\/vc_column_inner][\/vc_row_inner][vc_row_inner row_inner_height_percent=&#8221;0&#8243; overlay_alpha=&#8221;50&#8243; gutter_size=&#8221;4&#8243; shift_y=&#8221;0&#8243; z_index=&#8221;0&#8243; limit_content=&#8221;&#8221; uncode_shortcode_id=&#8221;134686&#8243;][vc_column_inner column_width_percent=&#8221;100&#8243; gutter_size=&#8221;3&#8243; style=&#8221;dark&#8221; overlay_alpha=&#8221;50&#8243; shift_x=&#8221;0&#8243; shift_y=&#8221;0&#8243; shift_y_down=&#8221;0&#8243; z_index=&#8221;0&#8243; medium_width=&#8221;4&#8243; mobile_visibility=&#8221;yes&#8221; mobile_width=&#8221;0&#8243; css_animation=&#8221;alpha-anim&#8221; animation_speed=&#8221;1000&#8243; width=&#8221;1\/4&#8243; uncode_shortcode_id=&#8221;104577&#8243; css=&#8221;.vc_custom_1680601715767{padding-top: 0px !important;}&#8221;][vc_custom_heading heading_semantic=&#8221;h6&#8243; text_font=&#8221;font-469684&#8243; text_size=&#8221;h3&#8243; text_weight=&#8221;400&#8243; uncode_shortcode_id=&#8221;214259&#8243;]\u2e3a Experts in Energy and Infrastructure.[\/vc_custom_heading][\/vc_column_inner][vc_column_inner column_width_percent=&#8221;100&#8243; gutter_size=&#8221;3&#8243; style=&#8221;dark&#8221; overlay_alpha=&#8221;50&#8243; shift_x=&#8221;0&#8243; shift_y=&#8221;0&#8243; shift_y_down=&#8221;0&#8243; z_index=&#8221;0&#8243; medium_width=&#8221;4&#8243; mobile_visibility=&#8221;yes&#8221; mobile_width=&#8221;0&#8243; css_animation=&#8221;alpha-anim&#8221; animation_speed=&#8221;1000&#8243; width=&#8221;1\/4&#8243; uncode_shortcode_id=&#8221;468325&#8243; css=&#8221;.vc_custom_1680601734366{padding-top: 0px !important;}&#8221;][vc_custom_heading heading_semantic=&#8221;h6&#8243; text_font=&#8221;font-469684&#8243; text_size=&#8221;h3&#8243; text_weight=&#8221;400&#8243; uncode_shortcode_id=&#8221;708403&#8243;]\u2e3a We bring projects to life![\/vc_custom_heading][\/vc_column_inner][vc_column_inner column_width_percent=&#8221;100&#8243; gutter_size=&#8221;3&#8243; overlay_alpha=&#8221;50&#8243; shift_x=&#8221;0&#8243; shift_y=&#8221;0&#8243; shift_y_down=&#8221;0&#8243; z_index=&#8221;0&#8243; medium_width=&#8221;0&#8243; mobile_width=&#8221;0&#8243; width=&#8221;6\/12&#8243; uncode_shortcode_id=&#8221;557331&#8243;][vc_empty_space empty_h=&#8221;4&#8243; medium_visibility=&#8221;yes&#8221; mobile_visibility=&#8221;yes&#8221;][\/vc_column_inner][\/vc_row_inner][vc_row_inner row_inner_height_percent=&#8221;0&#8243; overlay_alpha=&#8221;50&#8243; equal_height=&#8221;yes&#8221; gutter_size=&#8221;0&#8243; shift_y=&#8221;0&#8243; z_index=&#8221;0&#8243; mobile_visibility=&#8221;yes&#8221; limit_content=&#8221;&#8221; uncode_shortcode_id=&#8221;134015&#8243;][vc_column_inner column_width_percent=&#8221;100&#8243; gutter_size=&#8221;3&#8243; overlay_alpha=&#8221;50&#8243; shift_x=&#8221;0&#8243; shift_y=&#8221;0&#8243; shift_y_down=&#8221;0&#8243; z_index=&#8221;0&#8243; medium_visibility=&#8221;yes&#8221; medium_width=&#8221;0&#8243; mobile_visibility=&#8221;yes&#8221; mobile_width=&#8221;0&#8243; width=&#8221;1\/2&#8243; uncode_shortcode_id=&#8221;166118&#8243;][\/vc_column_inner][vc_column_inner column_width_percent=&#8221;100&#8243; gutter_size=&#8221;2&#8243; style=&#8221;dark&#8221; font_family=&#8221;font-469684&#8243; back_color=&#8221;color-188356&#8243; overlay_alpha=&#8221;50&#8243; radius=&#8221;std&#8221; shift_x=&#8221;0&#8243; shift_y=&#8221;0&#8243; shift_y_down=&#8221;0&#8243; z_index=&#8221;0&#8243; desktop_visibility=&#8221;yes&#8221; medium_visibility=&#8221;yes&#8221; medium_width=&#8221;0&#8243; mobile_visibility=&#8221;yes&#8221; mobile_width=&#8221;0&#8243; css_animation=&#8221;bottom-t-top&#8221; animation_speed=&#8221;1000&#8243; animation_delay=&#8221;400&#8243; width=&#8221;1\/2&#8243; uncode_shortcode_id=&#8221;937450&#8243; back_color_type=&#8221;uncode-palette&#8221; link_to=&#8221;url:%23&#8243;][uncode_index el_id=&#8221;index-930574&#8243; index_type=&#8221;carousel&#8221; loop=&#8221;size:3|order_by:date|post_type:post|taxonomy_count:10&#8243; carousel_lg=&#8221;1&#8243; carousel_md=&#8221;1&#8243; carousel_sm=&#8221;1&#8243; thumb_size=&#8221;five-four&#8221; gutter_size=&#8221;3&#8243; post_items=&#8221;media|featured|onpost|original,date,title,text|excerpt|60&#8243; carousel_interval=&#8221;5000&#8243; carousel_navspeed=&#8221;1000&#8243; carousel_loop=&#8221;yes&#8221; stage_padding=&#8221;0&#8243; single_text=&#8221;lateral&#8221; single_image_size=&#8221;2&#8243; single_style=&#8221;dark&#8221; single_shape=&#8221;round&#8221; single_overlay_opacity=&#8221;50&#8243; single_overlay_anim=&#8221;no&#8221; single_text_anim=&#8221;no&#8221; single_image_anim=&#8221;no&#8221; single_padding=&#8221;2&#8243; single_text_reduced=&#8221;yes&#8221; single_title_family=&#8221;font-469684&#8243; single_title_dimension=&#8221;h5&#8243; single_title_weight=&#8221;500&#8243; single_title_height=&#8221;fontheight-357766&#8243; single_meta_custom_typo=&#8221;yes&#8221; single_meta_size=&#8221;large&#8221; single_meta_weight=&#8221;600&#8243; single_border=&#8221;yes&#8221; uncode_shortcode_id=&#8221;270916&#8243;][\/vc_column_inner][\/vc_row_inner][\/vc_column][\/vc_row][vc_row unlock_row_content=&#8221;yes&#8221; row_height_percent=&#8221;0&#8243; override_padding=&#8221;yes&#8221; h_padding=&#8221;4&#8243; top_padding=&#8221;5&#8243; bottom_padding=&#8221;5&#8243; overlay_alpha=&#8221;50&#8243; gutter_size=&#8221;4&#8243; column_width_percent=&#8221;100&#8243; shift_y=&#8221;0&#8243; z_index=&#8221;0&#8243; uncode_shortcode_id=&#8221;190826&#8243;][vc_column column_width_percent=&#8221;100&#8243; gutter_size=&#8221;5&#8243; overlay_alpha=&#8221;50&#8243; shift_x=&#8221;0&#8243; shift_y=&#8221;0&#8243; shift_y_down=&#8221;0&#8243; z_index=&#8221;0&#8243; medium_width=&#8221;0&#8243; mobile_width=&#8221;0&#8243; width=&#8221;1\/1&#8243; uncode_shortcode_id=&#8221;147908&#8243;][vc_row_inner row_inner_height_percent=&#8221;0&#8243; overlay_alpha=&#8221;50&#8243; gutter_size=&#8221;4&#8243; shift_y=&#8221;0&#8243; z_index=&#8221;0&#8243; limit_content=&#8221;&#8221; uncode_shortcode_id=&#8221;153020&#8243;][vc_column_inner column_width_percent=&#8221;100&#8243; gutter_size=&#8221;3&#8243; overlay_alpha=&#8221;50&#8243; shift_x=&#8221;0&#8243; shift_y=&#8221;0&#8243; shift_y_down=&#8221;0&#8243; z_index=&#8221;0&#8243; medium_width=&#8221;0&#8243; mobile_width=&#8221;0&#8243; css_animation=&#8221;left-t-right&#8221; width=&#8221;1\/2&#8243; uncode_shortcode_id=&#8221;498430&#8243;][vc_custom_heading text_color=&#8221;color-188356&#8243; text_font=&#8221;font-469684&#8243; text_size=&#8221;fontsize-155944&#8243; text_weight=&#8221;500&#8243; uncode_shortcode_id=&#8221;475431&#8243; text_color_type=&#8221;uncode-palette&#8221;]Skicka din<br \/>\nans\u00f6kan till oss[\/vc_custom_heading][\/vc_column_inner][vc_column_inner column_width_percent=&#8221;100&#8243; gutter_size=&#8221;3&#8243; overlay_alpha=&#8221;50&#8243; shift_x=&#8221;0&#8243; shift_y=&#8221;0&#8243; shift_y_down=&#8221;0&#8243; z_index=&#8221;0&#8243; medium_width=&#8221;0&#8243; mobile_width=&#8221;0&#8243; css_animation=&#8221;right-t-left&#8221; width=&#8221;1\/2&#8243; uncode_shortcode_id=&#8221;376075&#8243;][vc_custom_heading text_color=&#8221;color-wvjs&#8221; heading_semantic=&#8221;h3&#8243; text_font=&#8221;font-469684&#8243; text_size=&#8221;custom&#8221; text_weight=&#8221;400&#8243; text_height=&#8221;fontheight-357766&#8243; uncode_shortcode_id=&#8221;170026&#8243; text_color_type=&#8221;uncode-palette&#8221; heading_custom_size=&#8221;clamp(20px,3vw,24px)&#8221;]Vi har f\u00f6r n\u00e4rvarande inga lediga tj\u00e4nster, men om du \u00e4r en frist\u00e5ende konsult eller vill ha fast anst\u00e4llning, och har kunskap och erfarenhet som passar in i v\u00e5ra yrkesomr\u00e5den, skulle vi uppskatta att f\u00e5 en f\u00f6rfr\u00e5gan fr\u00e5n dig med ditt CV. N\u00e4r vi har lediga platser kommer dessa att annonseras separat.[\/vc_custom_heading][vc_empty_space empty_h=&#8221;1&#8243;][\/vc_column_inner][\/vc_row_inner][\/vc_column][\/vc_row][vc_row unlock_row_content=&#8221;yes&#8221; row_height_percent=&#8221;0&#8243; override_padding=&#8221;yes&#8221; h_padding=&#8221;4&#8243; top_padding=&#8221;5&#8243; bottom_padding=&#8221;5&#8243; overlay_alpha=&#8221;50&#8243; gutter_size=&#8221;3&#8243; column_width_percent=&#8221;100&#8243; shift_y=&#8221;0&#8243; z_index=&#8221;0&#8243; content_parallax=&#8221;0&#8243; uncode_shortcode_id=&#8221;494949&#8243;][\/vc_row][vc_row unlock_row_content=&#8221;yes&#8221; row_height_percent=&#8221;0&#8243; override_padding=&#8221;yes&#8221; h_padding=&#8221;4&#8243; top_padding=&#8221;5&#8243; bottom_padding=&#8221;5&#8243; overlay_alpha=&#8221;50&#8243; gutter_size=&#8221;3&#8243; column_width_percent=&#8221;100&#8243; shift_y=&#8221;0&#8243; z_index=&#8221;0&#8243; content_parallax=&#8221;0&#8243; uncode_shortcode_id=&#8221;494949&#8243;][vc_column column_width_percent=&#8221;100&#8243; gutter_size=&#8221;5&#8243; overlay_alpha=&#8221;50&#8243; shift_x=&#8221;0&#8243; shift_x_fixed=&#8221;yes&#8221; shift_y=&#8221;-4&#8243; shift_y_fixed=&#8221;yes&#8221; shift_y_down=&#8221;0&#8243; z_index=&#8221;0&#8243; medium_width=&#8221;0&#8243; mobile_width=&#8221;0&#8243; width=&#8221;1\/1&#8243; uncode_shortcode_id=&#8221;482762&#8243;][vc_row_inner row_inner_height_percent=&#8221;0&#8243; overlay_alpha=&#8221;50&#8243; equal_height=&#8221;yes&#8221; gutter_size=&#8221;4&#8243; shift_y=&#8221;0&#8243; z_index=&#8221;0&#8243; limit_content=&#8221;&#8221; uncode_shortcode_id=&#8221;189461&#8243;][vc_column_inner column_width_percent=&#8221;100&#8243; gutter_size=&#8221;3&#8243; overlay_alpha=&#8221;50&#8243; shift_x=&#8221;0&#8243; shift_y=&#8221;0&#8243; shift_y_down=&#8221;0&#8243; z_index=&#8221;0&#8243; medium_width=&#8221;0&#8243; mobile_visibility=&#8221;yes&#8221; mobile_width=&#8221;0&#8243; width=&#8221;1\/6&#8243; uncode_shortcode_id=&#8221;199739&#8243;][\/vc_column_inner][vc_column_inner column_width_percent=&#8221;100&#8243; gutter_size=&#8221;2&#8243; overlay_alpha=&#8221;50&#8243; shift_x=&#8221;0&#8243; shift_y=&#8221;0&#8243; shift_y_down=&#8221;0&#8243; z_index=&#8221;0&#8243; desktop_visibility=&#8221;yes&#8221; medium_visibility=&#8221;yes&#8221; medium_width=&#8221;0&#8243; mobile_visibility=&#8221;yes&#8221; mobile_width=&#8221;0&#8243; width=&#8221;1\/6&#8243; uncode_shortcode_id=&#8221;122255&#8243;][vc_single_image media=&#8221;145310&#8243; media_width_percent=&#8221;100&#8243; media_ratio=&#8221;three-four&#8221; css_animation=&#8221;bottom-t-top&#8221; uncode_shortcode_id=&#8221;123598&#8243;][vc_empty_space empty_h=&#8221;1&#8243;][vc_custom_heading text_color=&#8221;color-188356&#8243; text_weight=&#8221;300&#8243; separator=&#8221;yes&#8221; sub_reduced=&#8221;yes&#8221; css_animation=&#8221;bottom-t-top&#8221; uncode_shortcode_id=&#8221;914346&#8243; text_color_type=&#8221;uncode-palette&#8221; subheading=&#8221;General manager \/ Partner&#8221;]Kjell Skj\u00f8lingstad[\/vc_custom_heading][vc_empty_space empty_h=&#8221;1&#8243;][vc_icon position=&#8221;left&#8221; space_reduced=&#8221;yes&#8221; title_aligned_icon=&#8221;yes&#8221; icon=&#8221;fa fa-mobile2&#8243; icon_color=&#8221;color-188356&#8243; size=&#8221;fa-2x&#8221; text_size=&#8221;h5&#8243; text_weight=&#8221;400&#8243; linked_title=&#8221;yes&#8221; css_animation=&#8221;bottom-t-top&#8221; uncode_shortcode_id=&#8221;109538&#8243; icon_color_type=&#8221;uncode-palette&#8221; title=&#8221;+47 934 60 094&#8243; link=&#8221;url:tel%3A%2B47%20934%2060%20094&#8243;][\/vc_icon][vc_icon position=&#8221;left&#8221; space_reduced=&#8221;yes&#8221; title_aligned_icon=&#8221;yes&#8221; icon=&#8221;fa fa-envelope2&#8243; icon_color=&#8221;color-188356&#8243; size=&#8221;fa-2x&#8221; text_size=&#8221;h5&#8243; text_weight=&#8221;400&#8243; linked_title=&#8221;yes&#8221; css_animation=&#8221;bottom-t-top&#8221; uncode_shortcode_id=&#8221;344403&#8243; icon_color_type=&#8221;uncode-palette&#8221; title=&#8221;kjell.skjolingstad@energy-consult.no&#8221; link=&#8221;url:mailto%3A%20kjell.skjolingstad%40energy-consult.no&#8221;][\/vc_icon][\/vc_column_inner][vc_column_inner column_width_percent=&#8221;100&#8243; align_horizontal=&#8221;align_center&#8221; gutter_size=&#8221;2&#8243; overlay_alpha=&#8221;50&#8243; shift_x=&#8221;0&#8243; shift_y=&#8221;0&#8243; shift_y_down=&#8221;0&#8243; z_index=&#8221;0&#8243; medium_width=&#8221;0&#8243; mobile_width=&#8221;0&#8243; width=&#8221;1\/6&#8243; uncode_shortcode_id=&#8221;108825&#8243;][vc_single_image media=&#8221;145308&#8243; media_width_percent=&#8221;65&#8243; media_ratio=&#8221;three-four&#8221; alignment=&#8221;center&#8221; css_animation=&#8221;bottom-t-top&#8221; uncode_shortcode_id=&#8221;127800&#8243;][vc_empty_space empty_h=&#8221;1&#8243;][vc_custom_heading text_color=&#8221;color-188356&#8243; text_weight=&#8221;300&#8243; separator_color=&#8221;yes&#8221; separator=&#8221;yes&#8221; sub_reduced=&#8221;yes&#8221; css_animation=&#8221;bottom-t-top&#8221; uncode_shortcode_id=&#8221;475445&#8243; text_color_type=&#8221;uncode-palette&#8221; subheading=&#8221;Partner&#8221;]Trond Lunde[\/vc_custom_heading][vc_empty_space empty_h=&#8221;1&#8243;][vc_icon icon=&#8221;fa fa-mobile2&#8243; icon_color=&#8221;color-188356&#8243; size=&#8221;fa-2x&#8221; text_size=&#8221;h5&#8243; text_weight=&#8221;400&#8243; linked_title=&#8221;yes&#8221; css_animation=&#8221;bottom-t-top&#8221; uncode_shortcode_id=&#8221;175308&#8243; icon_color_type=&#8221;uncode-palette&#8221; title=&#8221;+47 924 30 705&#8243; link=&#8221;url:tel%3A%20%2B47%20924%2030%20705&#8243;][\/vc_icon][vc_empty_space empty_h=&#8221;1&#8243;][vc_icon icon=&#8221;fa fa-envelope2&#8243; icon_color=&#8221;color-188356&#8243; size=&#8221;fa-2x&#8221; text_size=&#8221;h5&#8243; text_weight=&#8221;400&#8243; linked_title=&#8221;yes&#8221; css_animation=&#8221;bottom-t-top&#8221; uncode_shortcode_id=&#8221;521773&#8243; icon_color_type=&#8221;uncode-palette&#8221; title=&#8221;Send mail&#8221; link=&#8221;url:mailto%3A%20trond.lunde%40energy-consult.no&#8221;][\/vc_icon][\/vc_column_inner][vc_column_inner column_width_percent=&#8221;100&#8243; gutter_size=&#8221;2&#8243; overlay_alpha=&#8221;50&#8243; shift_x=&#8221;0&#8243; shift_y=&#8221;0&#8243; shift_y_down=&#8221;0&#8243; z_index=&#8221;0&#8243; desktop_visibility=&#8221;yes&#8221; medium_visibility=&#8221;yes&#8221; medium_width=&#8221;0&#8243; mobile_visibility=&#8221;yes&#8221; mobile_width=&#8221;0&#8243; width=&#8221;1\/6&#8243; uncode_shortcode_id=&#8221;182673&#8243;][vc_single_image media=&#8221;145308&#8243; media_width_percent=&#8221;100&#8243; media_ratio=&#8221;three-four&#8221; css_animation=&#8221;bottom-t-top&#8221; uncode_shortcode_id=&#8221;210543&#8243;][vc_empty_space empty_h=&#8221;1&#8243;][vc_custom_heading text_color=&#8221;color-188356&#8243; text_weight=&#8221;300&#8243; separator=&#8221;yes&#8221; sub_reduced=&#8221;yes&#8221; css_animation=&#8221;bottom-t-top&#8221; uncode_shortcode_id=&#8221;438651&#8243; text_color_type=&#8221;uncode-palette&#8221; subheading=&#8221;Partner&#8221;]Trond Lunde[\/vc_custom_heading][vc_empty_space empty_h=&#8221;1&#8243;][vc_icon position=&#8221;left&#8221; space_reduced=&#8221;yes&#8221; title_aligned_icon=&#8221;yes&#8221; icon=&#8221;fa fa-mobile2&#8243; icon_color=&#8221;color-188356&#8243; size=&#8221;fa-2x&#8221; text_size=&#8221;h5&#8243; text_weight=&#8221;400&#8243; linked_title=&#8221;yes&#8221; css_animation=&#8221;bottom-t-top&#8221; uncode_shortcode_id=&#8221;602140&#8243; icon_color_type=&#8221;uncode-palette&#8221; title=&#8221;+47 924 30 705&#8243; link=&#8221;url:tel%3A%20%2B47%20924%2030%20705&#8243;][\/vc_icon][vc_icon position=&#8221;left&#8221; space_reduced=&#8221;yes&#8221; title_aligned_icon=&#8221;yes&#8221; icon=&#8221;fa fa-envelope2&#8243; icon_color=&#8221;color-188356&#8243; size=&#8221;fa-2x&#8221; text_size=&#8221;h5&#8243; text_weight=&#8221;400&#8243; linked_title=&#8221;yes&#8221; css_animation=&#8221;bottom-t-top&#8221; uncode_shortcode_id=&#8221;861768&#8243; icon_color_type=&#8221;uncode-palette&#8221; title=&#8221;trond.lunde@energy-consult.no&#8221; link=&#8221;url:mailto%3A%20trond.lunde%40energy-consult.no&#8221;][\/vc_icon][\/vc_column_inner][vc_column_inner column_width_percent=&#8221;100&#8243; gutter_size=&#8221;3&#8243; overlay_alpha=&#8221;50&#8243; shift_x=&#8221;0&#8243; shift_y=&#8221;0&#8243; shift_y_down=&#8221;0&#8243; z_index=&#8221;0&#8243; medium_visibility=&#8221;yes&#8221; medium_width=&#8221;0&#8243; mobile_visibility=&#8221;yes&#8221; mobile_width=&#8221;0&#8243; width=&#8221;1\/6&#8243; uncode_shortcode_id=&#8221;115316&#8243;][\/vc_column_inner][\/vc_row_inner][\/vc_column][\/vc_row]<\/p>\n<\/div>","protected":false},"excerpt":{"rendered":"<p>[vc_row unlock_row_content=&#8221;yes&#8221; row_height_percent=&#8221;100&#8243; override_padding=&#8221;yes&#8221; h_padding=&#8221;4&#8243; top_padding=&#8221;5&#8243; bottom_padding=&#8221;2&#8243; back_color=&#8221;color-nhtu&#8221; back_image=&#8221;145337&#8243; overlay_color=&#8221;color-188356&#8243; overlay_alpha=&#8221;0&#8243; gutter_size=&#8221;3&#8243; column_width_percent=&#8221;100&#8243; shift_y=&#8221;0&#8243; z_index=&#8221;0&#8243; bottom_divider=&#8221;gradient&#8221; content_parallax=&#8221;3&#8243; uncode_shortcode_id=&#8221;172946&#8243; back_color_type=&#8221;uncode-palette&#8221; el_class=&#8221;overflow-hidden&#8221; [&hellip;]<\/p>\n","protected":false},"author":1,"featured_media":145294,"parent":0,"menu_order":0,"comment_status":"closed","ping_status":"closed","template":"","meta":{"footnotes":""},"class_list":["post-145889","page","type-page","status-publish","has-post-thumbnail","hentry"],"_links":{"self":[{"href":"https:\/\/energyconsult-group.no\/sv\/wp-json\/wp\/v2\/pages\/145889","targetHints":{"allow":["GET"]}}],"collection":[{"href":"https:\/\/energyconsult-group.no\/sv\/wp-json\/wp\/v2\/pages"}],"about":[{"href":"https:\/\/energyconsult-group.no\/sv\/wp-json\/wp\/v2\/types\/page"}],"author":[{"embeddable":true,"href":"https:\/\/energyconsult-group.no\/sv\/wp-json\/wp\/v2\/users\/1"}],"replies":[{"embeddable":true,"href":"https:\/\/energyconsult-group.no\/sv\/wp-json\/wp\/v2\/comments?post=145889"}],"version-history":[{"count":8,"href":"https:\/\/energyconsult-group.no\/sv\/wp-json\/wp\/v2\/pages\/145889\/revisions"}],"predecessor-version":[{"id":146028,"href":"https:\/\/energyconsult-group.no\/sv\/wp-json\/wp\/v2\/pages\/145889\/revisions\/146028"}],"wp:featuredmedia":[{"embeddable":true,"href":"https:\/\/energyconsult-group.no\/sv\/wp-json\/wp\/v2\/media\/145294"}],"wp:attachment":[{"href":"https:\/\/energyconsult-group.no\/sv\/wp-json\/wp\/v2\/media?parent=145889"}],"curies":[{"name":"wp","href":"https:\/\/api.w.org\/{rel}","templated":true}]}}