{"id":148605,"date":"2025-09-10T13:50:50","date_gmt":"2025-09-10T13:50:50","guid":{"rendered":"https:\/\/energyconsult-group.no\/energy-consult-engineering-om-oss\/"},"modified":"2025-09-12T13:36:07","modified_gmt":"2025-09-12T13:36:07","slug":"energy-consult-engineering-om-oss","status":"publish","type":"page","link":"https:\/\/energyconsult-group.no\/no\/energy-consult-engineering-om-oss\/","title":{"rendered":"Energy Consult Engineering &#8211; Om oss"},"content":{"rendered":"<div class=\"wpb-content-wrapper\"><p>[vc_row unlock_row_content=&raquo;yes&raquo; row_height_percent=&raquo;100&#8243; override_padding=&raquo;yes&raquo; h_padding=&raquo;4&#8243; top_padding=&raquo;5&#8243; bottom_padding=&raquo;2&#8243; back_color=&raquo;color-nhtu&raquo; back_image=&raquo;145806&#8243; overlay_color=&raquo;color-188356&#8243; overlay_alpha=&raquo;0&#8243; gutter_size=&raquo;3&#8243; column_width_percent=&raquo;100&#8243; shift_y=&raquo;0&#8243; z_index=&raquo;0&#8243; bottom_divider=&raquo;gradient&raquo; content_parallax=&raquo;3&#8243; uncode_shortcode_id=&raquo;213651&#8243; back_color_type=&raquo;uncode-palette&raquo; el_class=&raquo;overflow-hidden&raquo; overlay_color_type=&raquo;uncode-palette&raquo;][vc_column column_width_percent=&raquo;100&#8243; position_vertical=&raquo;bottom&raquo; gutter_size=&raquo;4&#8243; style=&raquo;dark&raquo; overlay_alpha=&raquo;50&#8243; shift_x=&raquo;0&#8243; shift_y=&raquo;0&#8243; shift_y_down=&raquo;0&#8243; z_index=&raquo;0&#8243; medium_width=&raquo;0&#8243; mobile_width=&raquo;0&#8243; width=&raquo;1\/1&#8243; uncode_shortcode_id=&raquo;112102&#8243;][vc_row_inner row_inner_height_percent=&raquo;0&#8243; overlay_alpha=&raquo;50&#8243; gutter_size=&raquo;4&#8243; shift_y=&raquo;0&#8243; z_index=&raquo;0&#8243; limit_content=&raquo;&raquo; uncode_shortcode_id=&raquo;171274&#8243;][vc_column_inner column_width_percent=&raquo;100&#8243; gutter_size=&raquo;3&#8243; style=&raquo;dark&raquo; overlay_alpha=&raquo;50&#8243; shift_x=&raquo;0&#8243; shift_y=&raquo;0&#8243; shift_y_down=&raquo;0&#8243; z_index=&raquo;0&#8243; medium_width=&raquo;0&#8243; mobile_width=&raquo;0&#8243; width=&raquo;8\/12&#8243; uncode_shortcode_id=&raquo;898854&#8243;][vc_empty_space empty_h=&raquo;5&#8243;][vc_custom_heading text_font=&raquo;font-469684&#8243; text_size=&raquo;custom&raquo; text_weight=&raquo;500&#8243; css_animation=&raquo;curtain&raquo; animation_speed=&raquo;1000&#8243; animation_delay=&raquo;400&#8243; uncode_shortcode_id=&raquo;733306&#8243; heading_custom_size=&raquo;clamp(43px,5vw,100px)&raquo;]Om oss[\/vc_custom_heading][\/vc_column_inner][vc_column_inner column_width_percent=&raquo;100&#8243; position_vertical=&raquo;middle&raquo; align_horizontal=&raquo;align_center&raquo; gutter_size=&raquo;2&#8243; style=&raquo;dark&raquo; overlay_alpha=&raquo;50&#8243; shift_x=&raquo;0&#8243; shift_y=&raquo;0&#8243; shift_y_down=&raquo;0&#8243; z_index=&raquo;0&#8243; desktop_visibility=&raquo;yes&raquo; medium_visibility=&raquo;yes&raquo; medium_width=&raquo;0&#8243; mobile_visibility=&raquo;yes&raquo; mobile_width=&raquo;0&#8243; css_animation=&raquo;right-t-left&raquo; width=&raquo;2\/12&#8243; uncode_shortcode_id=&raquo;137307&#8243; link_to=&raquo;url:https%3A%2F%2Fwww.dibk.no%2Fsentral-godkjenning%2Fcentral-approval-in-english%2Fabout-central-approval|target:_blank&raquo;][vc_single_image media=&raquo;145157&#8243; media_width_percent=&raquo;20&#8243; alignment=&raquo;center&raquo; uncode_shortcode_id=&raquo;559676&#8243;][vc_custom_heading heading_semantic=&raquo;h6&#8243; text_font=&raquo;font-469684&#8243; text_size=&raquo;h4&#8243; text_weight=&raquo;500&#8243; uncode_shortcode_id=&raquo;201327&#8243;]\u2e3a Sertifisert ekspertise av<br \/>\nDirektoratet for byggkvalitet (DIBK)[\/vc_custom_heading][\/vc_column_inner][vc_column_inner column_width_percent=&raquo;100&#8243; gutter_size=&raquo;2&#8243; style=&raquo;dark&raquo; overlay_alpha=&raquo;50&#8243; shift_x=&raquo;0&#8243; shift_y=&raquo;0&#8243; shift_y_down=&raquo;0&#8243; z_index=&raquo;0&#8243; desktop_visibility=&raquo;yes&raquo; medium_visibility=&raquo;yes&raquo; medium_width=&raquo;0&#8243; mobile_visibility=&raquo;yes&raquo; mobile_width=&raquo;0&#8243; css_animation=&raquo;alpha-anim&raquo; animation_speed=&raquo;1000&#8243; width=&raquo;2\/12&#8243; uncode_shortcode_id=&raquo;194512&#8243;][vc_icon icon_image=&raquo;145132&#8243; media_size=&raquo;300&#8243; uncode_shortcode_id=&raquo;173871&#8243;][\/vc_icon][vc_custom_heading heading_semantic=&raquo;h6&#8243; text_font=&raquo;font-469684&#8243; text_size=&raquo;h5&#8243; uncode_shortcode_id=&raquo;173155&#8243;]Energy Awards 2024[\/vc_custom_heading][\/vc_column_inner][\/vc_row_inner][vc_row_inner row_inner_height_percent=&raquo;0&#8243; overlay_alpha=&raquo;50&#8243; gutter_size=&raquo;4&#8243; shift_y=&raquo;0&#8243; z_index=&raquo;0&#8243; limit_content=&raquo;&raquo; uncode_shortcode_id=&raquo;134686&#8243;][vc_column_inner column_width_percent=&raquo;100&#8243; gutter_size=&raquo;3&#8243; style=&raquo;dark&raquo; overlay_alpha=&raquo;50&#8243; shift_x=&raquo;0&#8243; shift_y=&raquo;0&#8243; shift_y_down=&raquo;0&#8243; z_index=&raquo;0&#8243; medium_width=&raquo;4&#8243; mobile_visibility=&raquo;yes&raquo; mobile_width=&raquo;0&#8243; css_animation=&raquo;alpha-anim&raquo; animation_speed=&raquo;1000&#8243; width=&raquo;1\/4&#8243; uncode_shortcode_id=&raquo;104577&#8243; css=&raquo;.vc_custom_1680601715767{padding-top: 0px !important;}&raquo;][vc_custom_heading heading_semantic=&raquo;h6&#8243; text_font=&raquo;font-469684&#8243; text_size=&raquo;h3&#8243; text_weight=&raquo;400&#8243; uncode_shortcode_id=&raquo;101031&#8243;]\u2e3a V\u00e5r retning og innsats.[\/vc_custom_heading][\/vc_column_inner][vc_column_inner column_width_percent=&raquo;100&#8243; gutter_size=&raquo;3&#8243; style=&raquo;dark&raquo; overlay_alpha=&raquo;50&#8243; shift_x=&raquo;0&#8243; shift_y=&raquo;0&#8243; shift_y_down=&raquo;0&#8243; z_index=&raquo;0&#8243; desktop_visibility=&raquo;yes&raquo; medium_visibility=&raquo;yes&raquo; medium_width=&raquo;4&#8243; mobile_visibility=&raquo;yes&raquo; mobile_width=&raquo;0&#8243; css_animation=&raquo;alpha-anim&raquo; animation_speed=&raquo;1000&#8243; width=&raquo;1\/4&#8243; uncode_shortcode_id=&raquo;883837&#8243; css=&raquo;.vc_custom_1739357435612{padding-top: 0px !important;}&raquo;][vc_custom_heading heading_semantic=&raquo;h6&#8243; text_font=&raquo;font-469684&#8243; text_size=&raquo;h3&#8243; text_weight=&raquo;400&#8243; uncode_shortcode_id=&raquo;190169&#8243;]\u2e3a We bring projects to life![\/vc_custom_heading][\/vc_column_inner][vc_column_inner column_width_percent=&raquo;100&#8243; gutter_size=&raquo;3&#8243; overlay_alpha=&raquo;50&#8243; shift_x=&raquo;0&#8243; shift_y=&raquo;0&#8243; shift_y_down=&raquo;0&#8243; z_index=&raquo;0&#8243; medium_width=&raquo;0&#8243; mobile_width=&raquo;0&#8243; width=&raquo;6\/12&#8243; uncode_shortcode_id=&raquo;557331&#8243;][vc_empty_space empty_h=&raquo;4&#8243; medium_visibility=&raquo;yes&raquo; mobile_visibility=&raquo;yes&raquo;][\/vc_column_inner][\/vc_row_inner][vc_row_inner row_inner_height_percent=&raquo;0&#8243; overlay_alpha=&raquo;50&#8243; equal_height=&raquo;yes&raquo; gutter_size=&raquo;0&#8243; shift_y=&raquo;0&#8243; z_index=&raquo;0&#8243; mobile_visibility=&raquo;yes&raquo; limit_content=&raquo;&raquo; uncode_shortcode_id=&raquo;134015&#8243;][vc_column_inner column_width_percent=&raquo;100&#8243; gutter_size=&raquo;3&#8243; overlay_alpha=&raquo;50&#8243; shift_x=&raquo;0&#8243; shift_y=&raquo;0&#8243; shift_y_down=&raquo;0&#8243; z_index=&raquo;0&#8243; medium_visibility=&raquo;yes&raquo; medium_width=&raquo;0&#8243; mobile_visibility=&raquo;yes&raquo; mobile_width=&raquo;0&#8243; width=&raquo;1\/2&#8243; uncode_shortcode_id=&raquo;166118&#8243;][\/vc_column_inner][vc_column_inner column_width_percent=&raquo;100&#8243; gutter_size=&raquo;2&#8243; style=&raquo;dark&raquo; font_family=&raquo;font-469684&#8243; back_color=&raquo;color-188356&#8243; overlay_alpha=&raquo;50&#8243; radius=&raquo;std&raquo; shift_x=&raquo;0&#8243; shift_y=&raquo;0&#8243; shift_y_down=&raquo;0&#8243; z_index=&raquo;0&#8243; desktop_visibility=&raquo;yes&raquo; medium_visibility=&raquo;yes&raquo; medium_width=&raquo;0&#8243; mobile_visibility=&raquo;yes&raquo; mobile_width=&raquo;0&#8243; css_animation=&raquo;bottom-t-top&raquo; animation_speed=&raquo;1000&#8243; animation_delay=&raquo;400&#8243; width=&raquo;1\/2&#8243; uncode_shortcode_id=&raquo;937450&#8243; back_color_type=&raquo;uncode-palette&raquo; link_to=&raquo;url:%23&#8243;][uncode_index el_id=&raquo;index-930574&#8243; index_type=&raquo;carousel&raquo; loop=&raquo;size:3|order_by:date|post_type:post|taxonomy_count:10&#8243; carousel_lg=&raquo;1&#8243; carousel_md=&raquo;1&#8243; carousel_sm=&raquo;1&#8243; thumb_size=&raquo;five-four&raquo; gutter_size=&raquo;3&#8243; post_items=&raquo;media|featured|onpost|original,date,title,text|excerpt|60&#8243; carousel_interval=&raquo;5000&#8243; carousel_navspeed=&raquo;1000&#8243; carousel_loop=&raquo;yes&raquo; stage_padding=&raquo;0&#8243; single_text=&raquo;lateral&raquo; single_image_size=&raquo;2&#8243; single_style=&raquo;dark&raquo; single_shape=&raquo;round&raquo; single_overlay_opacity=&raquo;50&#8243; single_overlay_anim=&raquo;no&raquo; single_text_anim=&raquo;no&raquo; single_image_anim=&raquo;no&raquo; single_padding=&raquo;2&#8243; single_text_reduced=&raquo;yes&raquo; single_title_family=&raquo;font-469684&#8243; single_title_dimension=&raquo;h5&#8243; single_title_weight=&raquo;500&#8243; single_title_height=&raquo;fontheight-357766&#8243; single_meta_custom_typo=&raquo;yes&raquo; single_meta_size=&raquo;large&raquo; single_meta_weight=&raquo;600&#8243; single_border=&raquo;yes&raquo; uncode_shortcode_id=&raquo;270916&#8243;][\/vc_column_inner][\/vc_row_inner][\/vc_column][\/vc_row][vc_row unlock_row_content=&raquo;yes&raquo; row_height_percent=&raquo;0&#8243; override_padding=&raquo;yes&raquo; h_padding=&raquo;4&#8243; top_padding=&raquo;5&#8243; bottom_padding=&raquo;5&#8243; overlay_alpha=&raquo;50&#8243; gutter_size=&raquo;4&#8243; column_width_percent=&raquo;100&#8243; shift_y=&raquo;0&#8243; z_index=&raquo;0&#8243; uncode_shortcode_id=&raquo;190826&#8243;][vc_column column_width_percent=&raquo;100&#8243; gutter_size=&raquo;5&#8243; overlay_alpha=&raquo;50&#8243; shift_x=&raquo;0&#8243; shift_y=&raquo;0&#8243; shift_y_down=&raquo;0&#8243; z_index=&raquo;0&#8243; medium_width=&raquo;0&#8243; mobile_width=&raquo;0&#8243; width=&raquo;1\/1&#8243; uncode_shortcode_id=&raquo;147908&#8243;][vc_row_inner row_inner_height_percent=&raquo;0&#8243; overlay_alpha=&raquo;50&#8243; gutter_size=&raquo;4&#8243; shift_y=&raquo;0&#8243; z_index=&raquo;0&#8243; limit_content=&raquo;&raquo; uncode_shortcode_id=&raquo;153020&#8243;][vc_column_inner column_width_percent=&raquo;100&#8243; gutter_size=&raquo;3&#8243; overlay_alpha=&raquo;50&#8243; shift_x=&raquo;0&#8243; shift_y=&raquo;0&#8243; shift_y_down=&raquo;0&#8243; z_index=&raquo;0&#8243; medium_width=&raquo;0&#8243; mobile_width=&raquo;0&#8243; css_animation=&raquo;left-t-right&raquo; width=&raquo;1\/2&#8243; uncode_shortcode_id=&raquo;498430&#8243;][vc_custom_heading text_color=&raquo;color-188356&#8243; text_font=&raquo;font-469684&#8243; text_size=&raquo;fontsize-155944&#8243; text_weight=&raquo;500&#8243; css_animation=&raquo;left-t-right&raquo; uncode_shortcode_id=&raquo;162237&#8243; text_color_type=&raquo;uncode-palette&raquo;]En kort introduksjon<br \/>\ntil Energy Consult Engineering[\/vc_custom_heading][\/vc_column_inner][vc_column_inner column_width_percent=&raquo;100&#8243; gutter_size=&raquo;3&#8243; overlay_alpha=&raquo;50&#8243; shift_x=&raquo;0&#8243; shift_y=&raquo;0&#8243; shift_y_down=&raquo;0&#8243; z_index=&raquo;0&#8243; medium_width=&raquo;0&#8243; mobile_width=&raquo;0&#8243; css_animation=&raquo;right-t-left&raquo; width=&raquo;1\/2&#8243; uncode_shortcode_id=&raquo;376075&#8243;][vc_custom_heading text_color=&raquo;color-wvjs&raquo; heading_semantic=&raquo;h3&#8243; text_font=&raquo;font-469684&#8243; text_size=&raquo;custom&raquo; text_weight=&raquo;400&#8243; text_height=&raquo;fontheight-357766&#8243; css_animation=&raquo;bottom-t-top&raquo; uncode_shortcode_id=&raquo;246373&#8243; text_color_type=&raquo;uncode-palette&raquo; heading_custom_size=&raquo;clamp(20px,3vw,24px)&raquo;]Energy Consult Engineering leverer byggteknisk prosjektering og prosjekteringsledelse med spisskompetanse innen energisektoren. Vi bist\u00e5r i alle prosjektfaser \u2013 fra konsept og forprosjekt til detaljprosjektering og oppf\u00f8lging i byggefase.<\/p>\n<p>&nbsp;<\/p>\n<p>Vi har omfattende erfaring fra prosjekter knyttet til transformatorstasjoner, elektrifisering, nettilknytning og infrastruktur for energi, og er vant til \u00e5 h\u00e5ndtere komplekse, tverrfaglige leveranser med h\u00f8ye tekniske krav og stramme fremdriftsplaner.<\/p>\n<p>&nbsp;<\/p>\n<p><span style=\"color: #00205b;\"><strong>V\u00e5r kjernekompetanse omfatter<\/strong><\/span><\/p>\n<ul>\n<li>Konstruksjonsteknikk (RIB) innen betong, st\u00e5l og fundamentering<\/li>\n<li>Prosjektledelse med fokus p\u00e5 koordinering og fremdrift<\/li>\n<li>Teknisk oppf\u00f8lging, byggbarhet og kvalitetssikring<\/li>\n<li>Utarbeidelse av anbudsgrunnlag, arbeidstegninger og kostnadsestimat<\/li>\n<\/ul>\n<p>[\/vc_custom_heading][\/vc_column_inner][\/vc_row_inner][\/vc_column][\/vc_row]<\/p>\n<\/div>","protected":false},"excerpt":{"rendered":"<p>[vc_row unlock_row_content=&raquo;yes&raquo; row_height_percent=&raquo;100&#8243; override_padding=&raquo;yes&raquo; h_padding=&raquo;4&#8243; top_padding=&raquo;5&#8243; bottom_padding=&raquo;2&#8243; back_color=&raquo;color-nhtu&raquo; back_image=&raquo;145806&#8243; overlay_color=&raquo;color-188356&#8243; overlay_alpha=&raquo;0&#8243; gutter_size=&raquo;3&#8243; column_width_percent=&raquo;100&#8243; shift_y=&raquo;0&#8243; z_index=&raquo;0&#8243; bottom_divider=&raquo;gradient&raquo; content_parallax=&raquo;3&#8243; uncode_shortcode_id=&raquo;213651&#8243; back_color_type=&raquo;uncode-palette&raquo; el_class=&raquo;overflow-hidden&raquo; [&hellip;]<\/p>\n","protected":false},"author":1,"featured_media":148573,"parent":0,"menu_order":0,"comment_status":"closed","ping_status":"closed","template":"","meta":{"footnotes":""},"class_list":["post-148605","page","type-page","status-publish","has-post-thumbnail","hentry"],"_links":{"self":[{"href":"https:\/\/energyconsult-group.no\/no\/wp-json\/wp\/v2\/pages\/148605","targetHints":{"allow":["GET"]}}],"collection":[{"href":"https:\/\/energyconsult-group.no\/no\/wp-json\/wp\/v2\/pages"}],"about":[{"href":"https:\/\/energyconsult-group.no\/no\/wp-json\/wp\/v2\/types\/page"}],"author":[{"embeddable":true,"href":"https:\/\/energyconsult-group.no\/no\/wp-json\/wp\/v2\/users\/1"}],"replies":[{"embeddable":true,"href":"https:\/\/energyconsult-group.no\/no\/wp-json\/wp\/v2\/comments?post=148605"}],"version-history":[{"count":7,"href":"https:\/\/energyconsult-group.no\/no\/wp-json\/wp\/v2\/pages\/148605\/revisions"}],"predecessor-version":[{"id":148665,"href":"https:\/\/energyconsult-group.no\/no\/wp-json\/wp\/v2\/pages\/148605\/revisions\/148665"}],"wp:featuredmedia":[{"embeddable":true,"href":"https:\/\/energyconsult-group.no\/no\/wp-json\/wp\/v2\/media\/148573"}],"wp:attachment":[{"href":"https:\/\/energyconsult-group.no\/no\/wp-json\/wp\/v2\/media?parent=148605"}],"curies":[{"name":"wp","href":"https:\/\/api.w.org\/{rel}","templated":true}]}}