{"id":147419,"date":"2025-02-20T09:07:10","date_gmt":"2025-02-20T09:07:10","guid":{"rendered":"https:\/\/energyconsult-group.no\/ledige-stillinger\/"},"modified":"2025-03-26T10:08:48","modified_gmt":"2025-03-26T10:08:48","slug":"ledige-stillinger","status":"publish","type":"page","link":"https:\/\/energyconsult-group.no\/no\/ledige-stillinger\/","title":{"rendered":"Ledige stillinger"},"content":{"rendered":"<div class=\"wpb-content-wrapper\"><p>[vc_row unlock_row_content=&raquo;yes&raquo; row_height_percent=&raquo;100&#8243; override_padding=&raquo;yes&raquo; h_padding=&raquo;4&#8243; top_padding=&raquo;5&#8243; bottom_padding=&raquo;2&#8243; back_color=&raquo;color-nhtu&raquo; back_image=&raquo;145337&#8243; overlay_color=&raquo;color-188356&#8243; overlay_alpha=&raquo;0&#8243; gutter_size=&raquo;3&#8243; column_width_percent=&raquo;100&#8243; shift_y=&raquo;0&#8243; z_index=&raquo;0&#8243; bottom_divider=&raquo;gradient&raquo; content_parallax=&raquo;3&#8243; uncode_shortcode_id=&raquo;172946&#8243; back_color_type=&raquo;uncode-palette&raquo; el_class=&raquo;overflow-hidden&raquo; overlay_color_type=&raquo;uncode-palette&raquo;][vc_column column_width_percent=&raquo;100&#8243; position_vertical=&raquo;bottom&raquo; gutter_size=&raquo;4&#8243; style=&raquo;dark&raquo; overlay_alpha=&raquo;50&#8243; shift_x=&raquo;0&#8243; shift_y=&raquo;0&#8243; shift_y_down=&raquo;0&#8243; z_index=&raquo;0&#8243; medium_width=&raquo;0&#8243; mobile_width=&raquo;0&#8243; width=&raquo;1\/1&#8243; uncode_shortcode_id=&raquo;112102&#8243;][vc_row_inner row_inner_height_percent=&raquo;0&#8243; overlay_alpha=&raquo;50&#8243; gutter_size=&raquo;4&#8243; shift_y=&raquo;0&#8243; z_index=&raquo;0&#8243; limit_content=&raquo;&raquo; uncode_shortcode_id=&raquo;171274&#8243;][vc_column_inner column_width_percent=&raquo;100&#8243; gutter_size=&raquo;3&#8243; style=&raquo;dark&raquo; overlay_alpha=&raquo;50&#8243; shift_x=&raquo;0&#8243; shift_y=&raquo;0&#8243; shift_y_down=&raquo;0&#8243; z_index=&raquo;0&#8243; medium_width=&raquo;0&#8243; mobile_width=&raquo;0&#8243; width=&raquo;8\/12&#8243; uncode_shortcode_id=&raquo;898854&#8243;][vc_empty_space empty_h=&raquo;5&#8243;][vc_custom_heading text_font=&raquo;font-469684&#8243; text_size=&raquo;custom&raquo; text_weight=&raquo;500&#8243; css_animation=&raquo;curtain&raquo; animation_speed=&raquo;1000&#8243; animation_delay=&raquo;400&#8243; uncode_shortcode_id=&raquo;691186&#8243; heading_custom_size=&raquo;clamp(43px,5vw,100px)&raquo;]Ledige <br \/>stillinger[\/vc_custom_heading][\/vc_column_inner][vc_column_inner column_width_percent=&raquo;100&#8243; position_vertical=&raquo;middle&raquo; align_horizontal=&raquo;align_center&raquo; gutter_size=&raquo;2&#8243; style=&raquo;dark&raquo; overlay_alpha=&raquo;50&#8243; shift_x=&raquo;0&#8243; shift_y=&raquo;0&#8243; shift_y_down=&raquo;0&#8243; z_index=&raquo;0&#8243; desktop_visibility=&raquo;yes&raquo; medium_visibility=&raquo;yes&raquo; medium_width=&raquo;0&#8243; mobile_visibility=&raquo;yes&raquo; mobile_width=&raquo;0&#8243; css_animation=&raquo;right-t-left&raquo; width=&raquo;2\/12&#8243; uncode_shortcode_id=&raquo;137307&#8243; link_to=&raquo;url:https%3A%2F%2Fwww.dibk.no%2Fsentral-godkjenning%2Fcentral-approval-in-english%2Fabout-central-approval|target:_blank&raquo;][vc_single_image media=&raquo;145157&#8243; media_width_percent=&raquo;20&#8243; alignment=&raquo;center&raquo; uncode_shortcode_id=&raquo;559676&#8243;][vc_custom_heading heading_semantic=&raquo;h6&#8243; text_font=&raquo;font-469684&#8243; text_size=&raquo;h4&#8243; text_weight=&raquo;500&#8243; uncode_shortcode_id=&raquo;201327&#8243;]\u2e3a Sertifisert ekspertise av<br \/>Direktoratet for byggkvalitet (DIBK)[\/vc_custom_heading][\/vc_column_inner][vc_column_inner column_width_percent=&raquo;100&#8243; gutter_size=&raquo;2&#8243; style=&raquo;dark&raquo; overlay_alpha=&raquo;50&#8243; shift_x=&raquo;0&#8243; shift_y=&raquo;0&#8243; shift_y_down=&raquo;0&#8243; z_index=&raquo;0&#8243; desktop_visibility=&raquo;yes&raquo; medium_visibility=&raquo;yes&raquo; medium_width=&raquo;0&#8243; mobile_visibility=&raquo;yes&raquo; mobile_width=&raquo;0&#8243; css_animation=&raquo;alpha-anim&raquo; animation_speed=&raquo;1000&#8243; width=&raquo;2\/12&#8243; uncode_shortcode_id=&raquo;194512&#8243;][vc_icon icon_image=&raquo;145132&#8243; media_size=&raquo;300&#8243; uncode_shortcode_id=&raquo;173871&#8243;][\/vc_icon][vc_custom_heading heading_semantic=&raquo;h6&#8243; text_font=&raquo;font-469684&#8243; text_size=&raquo;h5&#8243; uncode_shortcode_id=&raquo;173155&#8243;]Energy Awards 2024[\/vc_custom_heading][\/vc_column_inner][\/vc_row_inner][vc_row_inner row_inner_height_percent=&raquo;0&#8243; overlay_alpha=&raquo;50&#8243; gutter_size=&raquo;4&#8243; shift_y=&raquo;0&#8243; z_index=&raquo;0&#8243; limit_content=&raquo;&raquo; uncode_shortcode_id=&raquo;134686&#8243;][vc_column_inner column_width_percent=&raquo;100&#8243; gutter_size=&raquo;3&#8243; style=&raquo;dark&raquo; overlay_alpha=&raquo;50&#8243; shift_x=&raquo;0&#8243; shift_y=&raquo;0&#8243; shift_y_down=&raquo;0&#8243; z_index=&raquo;0&#8243; medium_width=&raquo;4&#8243; mobile_visibility=&raquo;yes&raquo; mobile_width=&raquo;0&#8243; css_animation=&raquo;alpha-anim&raquo; animation_speed=&raquo;1000&#8243; width=&raquo;1\/4&#8243; uncode_shortcode_id=&raquo;104577&#8243; css=&raquo;.vc_custom_1680601715767{padding-top: 0px !important;}&raquo;][vc_custom_heading heading_semantic=&raquo;h6&#8243; text_font=&raquo;font-469684&#8243; text_size=&raquo;h3&#8243; text_weight=&raquo;400&#8243; uncode_shortcode_id=&raquo;214259&#8243;]\u2e3a Eksperter p\u00e5 energi og infrastruktur.[\/vc_custom_heading][\/vc_column_inner][vc_column_inner column_width_percent=&raquo;100&#8243; gutter_size=&raquo;3&#8243; style=&raquo;dark&raquo; overlay_alpha=&raquo;50&#8243; shift_x=&raquo;0&#8243; shift_y=&raquo;0&#8243; shift_y_down=&raquo;0&#8243; z_index=&raquo;0&#8243; medium_width=&raquo;4&#8243; mobile_visibility=&raquo;yes&raquo; mobile_width=&raquo;0&#8243; css_animation=&raquo;alpha-anim&raquo; animation_speed=&raquo;1000&#8243; width=&raquo;1\/4&#8243; uncode_shortcode_id=&raquo;468325&#8243; css=&raquo;.vc_custom_1680601734366{padding-top: 0px !important;}&raquo;][vc_custom_heading heading_semantic=&raquo;h6&#8243; text_font=&raquo;font-469684&#8243; text_size=&raquo;h3&#8243; text_weight=&raquo;400&#8243; uncode_shortcode_id=&raquo;708403&#8243;]\u2e3a We bring projects to life![\/vc_custom_heading][\/vc_column_inner][vc_column_inner column_width_percent=&raquo;100&#8243; gutter_size=&raquo;3&#8243; overlay_alpha=&raquo;50&#8243; shift_x=&raquo;0&#8243; shift_y=&raquo;0&#8243; shift_y_down=&raquo;0&#8243; z_index=&raquo;0&#8243; medium_width=&raquo;0&#8243; mobile_width=&raquo;0&#8243; width=&raquo;6\/12&#8243; uncode_shortcode_id=&raquo;557331&#8243;][vc_empty_space empty_h=&raquo;4&#8243; medium_visibility=&raquo;yes&raquo; mobile_visibility=&raquo;yes&raquo;][\/vc_column_inner][\/vc_row_inner][vc_row_inner row_inner_height_percent=&raquo;0&#8243; overlay_alpha=&raquo;50&#8243; equal_height=&raquo;yes&raquo; gutter_size=&raquo;0&#8243; shift_y=&raquo;0&#8243; z_index=&raquo;0&#8243; mobile_visibility=&raquo;yes&raquo; limit_content=&raquo;&raquo; uncode_shortcode_id=&raquo;134015&#8243;][vc_column_inner column_width_percent=&raquo;100&#8243; gutter_size=&raquo;3&#8243; overlay_alpha=&raquo;50&#8243; shift_x=&raquo;0&#8243; shift_y=&raquo;0&#8243; shift_y_down=&raquo;0&#8243; z_index=&raquo;0&#8243; medium_visibility=&raquo;yes&raquo; medium_width=&raquo;0&#8243; mobile_visibility=&raquo;yes&raquo; mobile_width=&raquo;0&#8243; width=&raquo;1\/2&#8243; uncode_shortcode_id=&raquo;166118&#8243;][\/vc_column_inner][vc_column_inner column_width_percent=&raquo;100&#8243; gutter_size=&raquo;2&#8243; style=&raquo;dark&raquo; font_family=&raquo;font-469684&#8243; back_color=&raquo;color-188356&#8243; overlay_alpha=&raquo;50&#8243; radius=&raquo;std&raquo; shift_x=&raquo;0&#8243; shift_y=&raquo;0&#8243; shift_y_down=&raquo;0&#8243; z_index=&raquo;0&#8243; desktop_visibility=&raquo;yes&raquo; medium_visibility=&raquo;yes&raquo; medium_width=&raquo;0&#8243; mobile_visibility=&raquo;yes&raquo; mobile_width=&raquo;0&#8243; css_animation=&raquo;bottom-t-top&raquo; animation_speed=&raquo;1000&#8243; animation_delay=&raquo;400&#8243; width=&raquo;1\/2&#8243; uncode_shortcode_id=&raquo;937450&#8243; back_color_type=&raquo;uncode-palette&raquo; link_to=&raquo;url:%23&#8243;][uncode_index el_id=&raquo;index-930574&#8243; index_type=&raquo;carousel&raquo; loop=&raquo;size:3|order_by:date|post_type:post|taxonomy_count:10&#8243; carousel_lg=&raquo;1&#8243; carousel_md=&raquo;1&#8243; carousel_sm=&raquo;1&#8243; thumb_size=&raquo;five-four&raquo; gutter_size=&raquo;3&#8243; post_items=&raquo;media|featured|onpost|original,date,title,text|excerpt|60&#8243; carousel_interval=&raquo;5000&#8243; carousel_navspeed=&raquo;1000&#8243; carousel_loop=&raquo;yes&raquo; stage_padding=&raquo;0&#8243; single_text=&raquo;lateral&raquo; single_image_size=&raquo;2&#8243; single_style=&raquo;dark&raquo; single_shape=&raquo;round&raquo; single_overlay_opacity=&raquo;50&#8243; single_overlay_anim=&raquo;no&raquo; single_text_anim=&raquo;no&raquo; single_image_anim=&raquo;no&raquo; single_padding=&raquo;2&#8243; single_text_reduced=&raquo;yes&raquo; single_title_family=&raquo;font-469684&#8243; single_title_dimension=&raquo;h5&#8243; single_title_weight=&raquo;500&#8243; single_title_height=&raquo;fontheight-357766&#8243; single_meta_custom_typo=&raquo;yes&raquo; single_meta_size=&raquo;large&raquo; single_meta_weight=&raquo;600&#8243; single_border=&raquo;yes&raquo; uncode_shortcode_id=&raquo;270916&#8243;][\/vc_column_inner][\/vc_row_inner][\/vc_column][\/vc_row][vc_row unlock_row_content=&raquo;yes&raquo; row_height_percent=&raquo;0&#8243; override_padding=&raquo;yes&raquo; h_padding=&raquo;4&#8243; top_padding=&raquo;5&#8243; bottom_padding=&raquo;5&#8243; overlay_alpha=&raquo;50&#8243; gutter_size=&raquo;4&#8243; column_width_percent=&raquo;100&#8243; shift_y=&raquo;0&#8243; z_index=&raquo;0&#8243; uncode_shortcode_id=&raquo;190826&#8243;][vc_column column_width_percent=&raquo;100&#8243; gutter_size=&raquo;5&#8243; overlay_alpha=&raquo;50&#8243; shift_x=&raquo;0&#8243; shift_y=&raquo;0&#8243; shift_y_down=&raquo;0&#8243; z_index=&raquo;0&#8243; medium_width=&raquo;0&#8243; mobile_width=&raquo;0&#8243; width=&raquo;1\/1&#8243; uncode_shortcode_id=&raquo;147908&#8243;][vc_row_inner row_inner_height_percent=&raquo;0&#8243; overlay_alpha=&raquo;50&#8243; gutter_size=&raquo;4&#8243; shift_y=&raquo;0&#8243; z_index=&raquo;0&#8243; limit_content=&raquo;&raquo; uncode_shortcode_id=&raquo;153020&#8243;][vc_column_inner column_width_percent=&raquo;100&#8243; gutter_size=&raquo;3&#8243; overlay_alpha=&raquo;50&#8243; shift_x=&raquo;0&#8243; shift_y=&raquo;0&#8243; shift_y_down=&raquo;0&#8243; z_index=&raquo;0&#8243; medium_width=&raquo;0&#8243; mobile_width=&raquo;0&#8243; css_animation=&raquo;left-t-right&raquo; width=&raquo;1\/2&#8243; uncode_shortcode_id=&raquo;498430&#8243;][vc_custom_heading text_color=&raquo;color-188356&#8243; text_font=&raquo;font-469684&#8243; text_size=&raquo;fontsize-155944&#8243; text_weight=&raquo;500&#8243; uncode_shortcode_id=&raquo;424849&#8243; text_color_type=&raquo;uncode-palette&raquo;]Send oss <br \/>din s\u00f8knad[\/vc_custom_heading][\/vc_column_inner][vc_column_inner column_width_percent=&raquo;100&#8243; gutter_size=&raquo;3&#8243; overlay_alpha=&raquo;50&#8243; shift_x=&raquo;0&#8243; shift_y=&raquo;0&#8243; shift_y_down=&raquo;0&#8243; z_index=&raquo;0&#8243; medium_width=&raquo;0&#8243; mobile_width=&raquo;0&#8243; css_animation=&raquo;right-t-left&raquo; width=&raquo;1\/2&#8243; uncode_shortcode_id=&raquo;376075&#8243;][vc_custom_heading text_color=&raquo;color-wvjs&raquo; heading_semantic=&raquo;h3&#8243; text_font=&raquo;font-469684&#8243; text_size=&raquo;custom&raquo; text_weight=&raquo;400&#8243; text_height=&raquo;fontheight-357766&#8243; uncode_shortcode_id=&raquo;527147&#8243; text_color_type=&raquo;uncode-palette&raquo; heading_custom_size=&raquo;clamp(20px,3vw,24px)&raquo;]Vi har for \u00f8yeblikket ingen ledige stillinger, men dersom du er en uavhengig konsulent eller \u00f8nsker fast ansettelse, og har kunnskap og erfaring som passer innenfor v\u00e5re fagomr\u00e5der, vil vi sette stor pris p\u00e5 \u00e5 motta en henvendelse fra deg med din CV. N\u00e5r vi har ledige stillinger, vil disse bli annonsert separat.[\/vc_custom_heading][vc_empty_space empty_h=&raquo;1&#8243;][\/vc_column_inner][\/vc_row_inner][\/vc_column][\/vc_row][vc_row unlock_row_content=&raquo;yes&raquo; row_height_percent=&raquo;0&#8243; override_padding=&raquo;yes&raquo; h_padding=&raquo;4&#8243; top_padding=&raquo;5&#8243; bottom_padding=&raquo;5&#8243; overlay_alpha=&raquo;50&#8243; gutter_size=&raquo;3&#8243; column_width_percent=&raquo;100&#8243; shift_y=&raquo;0&#8243; z_index=&raquo;0&#8243; content_parallax=&raquo;0&#8243; uncode_shortcode_id=&raquo;494949&#8243;][vc_column column_width_percent=&raquo;100&#8243; gutter_size=&raquo;5&#8243; overlay_alpha=&raquo;50&#8243; shift_x=&raquo;0&#8243; shift_x_fixed=&raquo;yes&raquo; shift_y=&raquo;-4&#8243; shift_y_fixed=&raquo;yes&raquo; shift_y_down=&raquo;0&#8243; z_index=&raquo;0&#8243; medium_width=&raquo;0&#8243; mobile_width=&raquo;0&#8243; width=&raquo;1\/1&#8243; uncode_shortcode_id=&raquo;482762&#8243;][vc_row_inner row_inner_height_percent=&raquo;0&#8243; overlay_alpha=&raquo;50&#8243; equal_height=&raquo;yes&raquo; gutter_size=&raquo;4&#8243; shift_y=&raquo;0&#8243; z_index=&raquo;0&#8243; limit_content=&raquo;&raquo; uncode_shortcode_id=&raquo;189461&#8243;][vc_column_inner column_width_percent=&raquo;100&#8243; gutter_size=&raquo;3&#8243; overlay_alpha=&raquo;50&#8243; shift_x=&raquo;0&#8243; shift_y=&raquo;0&#8243; shift_y_down=&raquo;0&#8243; z_index=&raquo;0&#8243; medium_width=&raquo;0&#8243; mobile_visibility=&raquo;yes&raquo; mobile_width=&raquo;0&#8243; width=&raquo;1\/6&#8243; uncode_shortcode_id=&raquo;199739&#8243;][\/vc_column_inner][vc_column_inner column_width_percent=&raquo;100&#8243; gutter_size=&raquo;2&#8243; overlay_alpha=&raquo;50&#8243; shift_x=&raquo;0&#8243; shift_y=&raquo;0&#8243; shift_y_down=&raquo;0&#8243; z_index=&raquo;0&#8243; desktop_visibility=&raquo;yes&raquo; medium_visibility=&raquo;yes&raquo; medium_width=&raquo;0&#8243; mobile_visibility=&raquo;yes&raquo; mobile_width=&raquo;0&#8243; width=&raquo;1\/6&#8243; uncode_shortcode_id=&raquo;122255&#8243;][vc_single_image media=&raquo;145310&#8243; media_width_percent=&raquo;100&#8243; media_ratio=&raquo;three-four&raquo; css_animation=&raquo;bottom-t-top&raquo; uncode_shortcode_id=&raquo;123598&#8243;][vc_empty_space empty_h=&raquo;1&#8243;][vc_custom_heading text_color=&raquo;color-188356&#8243; text_weight=&raquo;300&#8243; separator=&raquo;yes&raquo; sub_reduced=&raquo;yes&raquo; css_animation=&raquo;bottom-t-top&raquo; uncode_shortcode_id=&raquo;914346&#8243; text_color_type=&raquo;uncode-palette&raquo; subheading=&raquo;General manager \/ Partner&raquo;]Kjell Skj\u00f8lingstad[\/vc_custom_heading][vc_empty_space empty_h=&raquo;1&#8243;][vc_icon position=&raquo;left&raquo; space_reduced=&raquo;yes&raquo; title_aligned_icon=&raquo;yes&raquo; icon=&raquo;fa fa-mobile2&#8243; icon_color=&raquo;color-188356&#8243; size=&raquo;fa-2x&raquo; text_size=&raquo;h5&#8243; text_weight=&raquo;400&#8243; linked_title=&raquo;yes&raquo; css_animation=&raquo;bottom-t-top&raquo; uncode_shortcode_id=&raquo;109538&#8243; icon_color_type=&raquo;uncode-palette&raquo; title=&raquo;+47 934 60 094&#8243; link=&raquo;url:tel%3A%2B47%20934%2060%20094|&raquo;][\/vc_icon][vc_icon position=&raquo;left&raquo; space_reduced=&raquo;yes&raquo; title_aligned_icon=&raquo;yes&raquo; icon=&raquo;fa fa-envelope2&#8243; icon_color=&raquo;color-188356&#8243; size=&raquo;fa-2x&raquo; text_size=&raquo;h5&#8243; text_weight=&raquo;400&#8243; linked_title=&raquo;yes&raquo; css_animation=&raquo;bottom-t-top&raquo; uncode_shortcode_id=&raquo;344403&#8243; icon_color_type=&raquo;uncode-palette&raquo; title=&raquo;kjell.skjolingstad@energy-consult.no&raquo; link=&raquo;url:mailto%3A%20kjell.skjolingstad%40energy-consult.no|&raquo;][\/vc_icon][\/vc_column_inner][vc_column_inner column_width_percent=&raquo;100&#8243; align_horizontal=&raquo;align_center&raquo; gutter_size=&raquo;2&#8243; overlay_alpha=&raquo;50&#8243; shift_x=&raquo;0&#8243; shift_y=&raquo;0&#8243; shift_y_down=&raquo;0&#8243; z_index=&raquo;0&#8243; medium_width=&raquo;0&#8243; mobile_width=&raquo;0&#8243; width=&raquo;1\/6&#8243; uncode_shortcode_id=&raquo;108825&#8243;][vc_single_image media=&raquo;145308&#8243; media_width_percent=&raquo;65&#8243; media_ratio=&raquo;three-four&raquo; alignment=&raquo;center&raquo; css_animation=&raquo;bottom-t-top&raquo; uncode_shortcode_id=&raquo;127800&#8243;][vc_empty_space empty_h=&raquo;1&#8243;][vc_custom_heading text_color=&raquo;color-188356&#8243; text_weight=&raquo;300&#8243; separator_color=&raquo;yes&raquo; separator=&raquo;yes&raquo; sub_reduced=&raquo;yes&raquo; css_animation=&raquo;bottom-t-top&raquo; uncode_shortcode_id=&raquo;475445&#8243; text_color_type=&raquo;uncode-palette&raquo; subheading=&raquo;Partner&raquo;]Trond Lunde[\/vc_custom_heading][vc_empty_space empty_h=&raquo;1&#8243;][vc_icon icon=&raquo;fa fa-mobile2&#8243; icon_color=&raquo;color-188356&#8243; size=&raquo;fa-2x&raquo; text_size=&raquo;h5&#8243; text_weight=&raquo;400&#8243; linked_title=&raquo;yes&raquo; css_animation=&raquo;bottom-t-top&raquo; uncode_shortcode_id=&raquo;175308&#8243; icon_color_type=&raquo;uncode-palette&raquo; title=&raquo;+47 924 30 705&#8243; link=&raquo;url:tel%3A%20%2B47%20924%2030%20705|&raquo;][\/vc_icon][vc_empty_space empty_h=&raquo;1&#8243;][vc_icon icon=&raquo;fa fa-envelope2&#8243; icon_color=&raquo;color-188356&#8243; size=&raquo;fa-2x&raquo; text_size=&raquo;h5&#8243; text_weight=&raquo;400&#8243; linked_title=&raquo;yes&raquo; css_animation=&raquo;bottom-t-top&raquo; uncode_shortcode_id=&raquo;521773&#8243; icon_color_type=&raquo;uncode-palette&raquo; title=&raquo;Send mail&raquo; link=&raquo;url:mailto%3A%20trond.lunde%40energy-consult.no|&raquo;][\/vc_icon][\/vc_column_inner][vc_column_inner column_width_percent=&raquo;100&#8243; gutter_size=&raquo;2&#8243; overlay_alpha=&raquo;50&#8243; shift_x=&raquo;0&#8243; shift_y=&raquo;0&#8243; shift_y_down=&raquo;0&#8243; z_index=&raquo;0&#8243; desktop_visibility=&raquo;yes&raquo; medium_visibility=&raquo;yes&raquo; medium_width=&raquo;0&#8243; mobile_visibility=&raquo;yes&raquo; mobile_width=&raquo;0&#8243; width=&raquo;1\/6&#8243; uncode_shortcode_id=&raquo;182673&#8243;][vc_single_image media=&raquo;145308&#8243; media_width_percent=&raquo;100&#8243; media_ratio=&raquo;three-four&raquo; css_animation=&raquo;bottom-t-top&raquo; uncode_shortcode_id=&raquo;210543&#8243;][vc_empty_space empty_h=&raquo;1&#8243;][vc_custom_heading text_color=&raquo;color-188356&#8243; text_weight=&raquo;300&#8243; separator=&raquo;yes&raquo; sub_reduced=&raquo;yes&raquo; css_animation=&raquo;bottom-t-top&raquo; uncode_shortcode_id=&raquo;438651&#8243; text_color_type=&raquo;uncode-palette&raquo; subheading=&raquo;Partner&raquo;]Trond Lunde[\/vc_custom_heading][vc_empty_space empty_h=&raquo;1&#8243;][vc_icon position=&raquo;left&raquo; space_reduced=&raquo;yes&raquo; title_aligned_icon=&raquo;yes&raquo; icon=&raquo;fa fa-mobile2&#8243; icon_color=&raquo;color-188356&#8243; size=&raquo;fa-2x&raquo; text_size=&raquo;h5&#8243; text_weight=&raquo;400&#8243; linked_title=&raquo;yes&raquo; css_animation=&raquo;bottom-t-top&raquo; uncode_shortcode_id=&raquo;602140&#8243; icon_color_type=&raquo;uncode-palette&raquo; title=&raquo;+47 924 30 705&#8243; link=&raquo;url:tel%3A%20%2B47%20924%2030%20705|&raquo;][\/vc_icon][vc_icon position=&raquo;left&raquo; space_reduced=&raquo;yes&raquo; title_aligned_icon=&raquo;yes&raquo; icon=&raquo;fa fa-envelope2&#8243; icon_color=&raquo;color-188356&#8243; size=&raquo;fa-2x&raquo; text_size=&raquo;h5&#8243; text_weight=&raquo;400&#8243; linked_title=&raquo;yes&raquo; css_animation=&raquo;bottom-t-top&raquo; uncode_shortcode_id=&raquo;861768&#8243; icon_color_type=&raquo;uncode-palette&raquo; title=&raquo;trond.lunde@energy-consult.no&raquo; link=&raquo;url:mailto%3A%20trond.lunde%40energy-consult.no|&raquo;][\/vc_icon][\/vc_column_inner][vc_column_inner column_width_percent=&raquo;100&#8243; gutter_size=&raquo;3&#8243; overlay_alpha=&raquo;50&#8243; shift_x=&raquo;0&#8243; shift_y=&raquo;0&#8243; shift_y_down=&raquo;0&#8243; z_index=&raquo;0&#8243; medium_visibility=&raquo;yes&raquo; medium_width=&raquo;0&#8243; mobile_visibility=&raquo;yes&raquo; mobile_width=&raquo;0&#8243; width=&raquo;1\/6&#8243; uncode_shortcode_id=&raquo;115316&#8243;][\/vc_column_inner][\/vc_row_inner][\/vc_column][\/vc_row]<\/p>\n<\/div>","protected":false},"excerpt":{"rendered":"<p>[vc_row unlock_row_content=&raquo;yes&raquo; row_height_percent=&raquo;100&#8243; override_padding=&raquo;yes&raquo; h_padding=&raquo;4&#8243; top_padding=&raquo;5&#8243; bottom_padding=&raquo;2&#8243; back_color=&raquo;color-nhtu&raquo; back_image=&raquo;145337&#8243; overlay_color=&raquo;color-188356&#8243; overlay_alpha=&raquo;0&#8243; gutter_size=&raquo;3&#8243; column_width_percent=&raquo;100&#8243; shift_y=&raquo;0&#8243; z_index=&raquo;0&#8243; bottom_divider=&raquo;gradient&raquo; content_parallax=&raquo;3&#8243; uncode_shortcode_id=&raquo;172946&#8243; back_color_type=&raquo;uncode-palette&raquo; el_class=&raquo;overflow-hidden&raquo; [&hellip;]<\/p>\n","protected":false},"author":1,"featured_media":145294,"parent":0,"menu_order":0,"comment_status":"closed","ping_status":"closed","template":"","meta":{"footnotes":""},"class_list":["post-147419","page","type-page","status-publish","has-post-thumbnail","hentry","page_category-kreativ","page_category-business-no"],"_links":{"self":[{"href":"https:\/\/energyconsult-group.no\/no\/wp-json\/wp\/v2\/pages\/147419","targetHints":{"allow":["GET"]}}],"collection":[{"href":"https:\/\/energyconsult-group.no\/no\/wp-json\/wp\/v2\/pages"}],"about":[{"href":"https:\/\/energyconsult-group.no\/no\/wp-json\/wp\/v2\/types\/page"}],"author":[{"embeddable":true,"href":"https:\/\/energyconsult-group.no\/no\/wp-json\/wp\/v2\/users\/1"}],"replies":[{"embeddable":true,"href":"https:\/\/energyconsult-group.no\/no\/wp-json\/wp\/v2\/comments?post=147419"}],"version-history":[{"count":4,"href":"https:\/\/energyconsult-group.no\/no\/wp-json\/wp\/v2\/pages\/147419\/revisions"}],"predecessor-version":[{"id":147456,"href":"https:\/\/energyconsult-group.no\/no\/wp-json\/wp\/v2\/pages\/147419\/revisions\/147456"}],"wp:featuredmedia":[{"embeddable":true,"href":"https:\/\/energyconsult-group.no\/no\/wp-json\/wp\/v2\/media\/145294"}],"wp:attachment":[{"href":"https:\/\/energyconsult-group.no\/no\/wp-json\/wp\/v2\/media?parent=147419"}],"curies":[{"name":"wp","href":"https:\/\/api.w.org\/{rel}","templated":true}]}}