{"id":145837,"date":"2025-02-28T16:32:39","date_gmt":"2025-02-28T16:32:39","guid":{"rendered":"https:\/\/energyconsult-group.no\/?page_id=145837"},"modified":"2025-03-05T14:11:25","modified_gmt":"2025-03-05T14:11:25","slug":"agderplan-ledige-stillinger","status":"publish","type":"page","link":"https:\/\/energyconsult-group.no\/no\/agderplan-ledige-stillinger\/","title":{"rendered":"Agderplan &#8211; Ledige stillinger"},"content":{"rendered":"<div class=\"wpb-content-wrapper\"><p>[vc_row unlock_row_content=&raquo;yes&raquo; row_height_percent=&raquo;100&#8243; override_padding=&raquo;yes&raquo; h_padding=&raquo;4&#8243; top_padding=&raquo;5&#8243; bottom_padding=&raquo;2&#8243; back_color=&raquo;color-nhtu&raquo; back_image=&raquo;145808&#8243; overlay_color=&raquo;color-188356&#8243; overlay_alpha=&raquo;0&#8243; gutter_size=&raquo;3&#8243; column_width_percent=&raquo;100&#8243; shift_y=&raquo;0&#8243; z_index=&raquo;0&#8243; bottom_divider=&raquo;gradient&raquo; content_parallax=&raquo;3&#8243; uncode_shortcode_id=&raquo;859460&#8243; back_color_type=&raquo;uncode-palette&raquo; el_class=&raquo;overflow-hidden&raquo; overlay_color_type=&raquo;uncode-palette&raquo;][vc_column column_width_percent=&raquo;100&#8243; position_vertical=&raquo;bottom&raquo; gutter_size=&raquo;4&#8243; style=&raquo;dark&raquo; overlay_alpha=&raquo;50&#8243; shift_x=&raquo;0&#8243; shift_y=&raquo;0&#8243; shift_y_down=&raquo;0&#8243; z_index=&raquo;0&#8243; medium_width=&raquo;0&#8243; mobile_width=&raquo;0&#8243; width=&raquo;1\/1&#8243; uncode_shortcode_id=&raquo;112102&#8243;][vc_row_inner row_inner_height_percent=&raquo;0&#8243; overlay_alpha=&raquo;50&#8243; gutter_size=&raquo;4&#8243; shift_y=&raquo;0&#8243; z_index=&raquo;0&#8243; limit_content=&raquo;&raquo; uncode_shortcode_id=&raquo;171274&#8243;][vc_column_inner column_width_percent=&raquo;100&#8243; gutter_size=&raquo;3&#8243; style=&raquo;dark&raquo; overlay_alpha=&raquo;50&#8243; shift_x=&raquo;0&#8243; shift_y=&raquo;0&#8243; shift_y_down=&raquo;0&#8243; z_index=&raquo;0&#8243; medium_width=&raquo;0&#8243; mobile_width=&raquo;0&#8243; width=&raquo;8\/12&#8243; uncode_shortcode_id=&raquo;898854&#8243;][vc_empty_space empty_h=&raquo;5&#8243;][vc_custom_heading text_font=&raquo;font-469684&#8243; text_size=&raquo;custom&raquo; text_weight=&raquo;500&#8243; css_animation=&raquo;curtain&raquo; animation_speed=&raquo;1000&#8243; animation_delay=&raquo;400&#8243; uncode_shortcode_id=&raquo;141661&#8243; heading_custom_size=&raquo;clamp(43px,5vw,100px)&raquo;]Ledige<br \/>\nstillinger<\/p>\n<p>[\/vc_custom_heading][\/vc_column_inner][vc_column_inner column_width_percent=&raquo;100&#8243; position_vertical=&raquo;middle&raquo; align_horizontal=&raquo;align_center&raquo; gutter_size=&raquo;2&#8243; style=&raquo;dark&raquo; overlay_alpha=&raquo;50&#8243; shift_x=&raquo;0&#8243; shift_y=&raquo;0&#8243; shift_y_down=&raquo;0&#8243; z_index=&raquo;0&#8243; desktop_visibility=&raquo;yes&raquo; medium_visibility=&raquo;yes&raquo; medium_width=&raquo;0&#8243; mobile_visibility=&raquo;yes&raquo; mobile_width=&raquo;0&#8243; css_animation=&raquo;right-t-left&raquo; width=&raquo;2\/12&#8243; uncode_shortcode_id=&raquo;137307&#8243; link_to=&raquo;url:https%3A%2F%2Fwww.dibk.no%2Fsentral-godkjenning%2Fcentral-approval-in-english%2Fabout-central-approval|target:_blank&raquo;][vc_single_image media=&raquo;145157&#8243; media_width_percent=&raquo;20&#8243; alignment=&raquo;center&raquo; uncode_shortcode_id=&raquo;559676&#8243;][vc_custom_heading heading_semantic=&raquo;h6&#8243; text_font=&raquo;font-469684&#8243; text_size=&raquo;h4&#8243; text_weight=&raquo;500&#8243; uncode_shortcode_id=&raquo;201327&#8243;]\u2e3a Certified Expertise by the<br \/>\nNorwegian Building Authority[\/vc_custom_heading][\/vc_column_inner][vc_column_inner column_width_percent=&raquo;100&#8243; gutter_size=&raquo;2&#8243; style=&raquo;dark&raquo; overlay_alpha=&raquo;50&#8243; shift_x=&raquo;0&#8243; shift_y=&raquo;0&#8243; shift_y_down=&raquo;0&#8243; z_index=&raquo;0&#8243; desktop_visibility=&raquo;yes&raquo; medium_visibility=&raquo;yes&raquo; medium_width=&raquo;0&#8243; mobile_visibility=&raquo;yes&raquo; mobile_width=&raquo;0&#8243; css_animation=&raquo;alpha-anim&raquo; animation_speed=&raquo;1000&#8243; width=&raquo;2\/12&#8243; uncode_shortcode_id=&raquo;194512&#8243;][vc_icon icon_image=&raquo;145132&#8243; media_size=&raquo;300&#8243; uncode_shortcode_id=&raquo;173871&#8243;][\/vc_icon][vc_custom_heading heading_semantic=&raquo;h6&#8243; text_font=&raquo;font-469684&#8243; text_size=&raquo;h5&#8243; uncode_shortcode_id=&raquo;173155&#8243;]Energy Awards 2024[\/vc_custom_heading][\/vc_column_inner][\/vc_row_inner][vc_row_inner row_inner_height_percent=&raquo;0&#8243; overlay_alpha=&raquo;50&#8243; gutter_size=&raquo;4&#8243; shift_y=&raquo;0&#8243; z_index=&raquo;0&#8243; limit_content=&raquo;&raquo; uncode_shortcode_id=&raquo;134686&#8243;][vc_column_inner column_width_percent=&raquo;100&#8243; gutter_size=&raquo;3&#8243; style=&raquo;dark&raquo; overlay_alpha=&raquo;50&#8243; shift_x=&raquo;0&#8243; shift_y=&raquo;0&#8243; shift_y_down=&raquo;0&#8243; z_index=&raquo;0&#8243; medium_width=&raquo;4&#8243; mobile_visibility=&raquo;yes&raquo; mobile_width=&raquo;0&#8243; css_animation=&raquo;alpha-anim&raquo; animation_speed=&raquo;1000&#8243; width=&raquo;1\/4&#8243; uncode_shortcode_id=&raquo;104577&#8243; css=&raquo;.vc_custom_1680601715767{padding-top: 0px !important;}&raquo;][vc_custom_heading heading_semantic=&raquo;h6&#8243; text_font=&raquo;font-469684&#8243; text_size=&raquo;h3&#8243; text_weight=&raquo;400&#8243; uncode_shortcode_id=&raquo;139730&#8243;]\u2e3a Bli en del av et ledende fagmilj\u00f8.[\/vc_custom_heading][\/vc_column_inner][vc_column_inner column_width_percent=&raquo;100&#8243; gutter_size=&raquo;3&#8243; style=&raquo;dark&raquo; overlay_alpha=&raquo;50&#8243; shift_x=&raquo;0&#8243; shift_y=&raquo;0&#8243; shift_y_down=&raquo;0&#8243; z_index=&raquo;0&#8243; medium_width=&raquo;4&#8243; mobile_visibility=&raquo;yes&raquo; mobile_width=&raquo;0&#8243; css_animation=&raquo;alpha-anim&raquo; animation_speed=&raquo;1000&#8243; width=&raquo;1\/4&#8243; uncode_shortcode_id=&raquo;468325&#8243; css=&raquo;.vc_custom_1680601734366{padding-top: 0px !important;}&raquo;][\/vc_column_inner][vc_column_inner column_width_percent=&raquo;100&#8243; gutter_size=&raquo;3&#8243; overlay_alpha=&raquo;50&#8243; shift_x=&raquo;0&#8243; shift_y=&raquo;0&#8243; shift_y_down=&raquo;0&#8243; z_index=&raquo;0&#8243; medium_width=&raquo;0&#8243; mobile_width=&raquo;0&#8243; width=&raquo;6\/12&#8243; uncode_shortcode_id=&raquo;557331&#8243;][vc_empty_space empty_h=&raquo;4&#8243; medium_visibility=&raquo;yes&raquo; mobile_visibility=&raquo;yes&raquo;][\/vc_column_inner][\/vc_row_inner][vc_row_inner row_inner_height_percent=&raquo;0&#8243; overlay_alpha=&raquo;50&#8243; equal_height=&raquo;yes&raquo; gutter_size=&raquo;0&#8243; shift_y=&raquo;0&#8243; z_index=&raquo;0&#8243; mobile_visibility=&raquo;yes&raquo; limit_content=&raquo;&raquo; uncode_shortcode_id=&raquo;134015&#8243;][vc_column_inner column_width_percent=&raquo;100&#8243; gutter_size=&raquo;3&#8243; overlay_alpha=&raquo;50&#8243; shift_x=&raquo;0&#8243; shift_y=&raquo;0&#8243; shift_y_down=&raquo;0&#8243; z_index=&raquo;0&#8243; medium_visibility=&raquo;yes&raquo; medium_width=&raquo;0&#8243; mobile_visibility=&raquo;yes&raquo; mobile_width=&raquo;0&#8243; width=&raquo;1\/2&#8243; uncode_shortcode_id=&raquo;166118&#8243;][\/vc_column_inner][vc_column_inner column_width_percent=&raquo;100&#8243; gutter_size=&raquo;2&#8243; style=&raquo;dark&raquo; font_family=&raquo;font-469684&#8243; back_color=&raquo;color-188356&#8243; overlay_alpha=&raquo;50&#8243; radius=&raquo;std&raquo; shift_x=&raquo;0&#8243; shift_y=&raquo;0&#8243; shift_y_down=&raquo;0&#8243; z_index=&raquo;0&#8243; desktop_visibility=&raquo;yes&raquo; medium_visibility=&raquo;yes&raquo; medium_width=&raquo;0&#8243; mobile_visibility=&raquo;yes&raquo; mobile_width=&raquo;0&#8243; css_animation=&raquo;bottom-t-top&raquo; animation_speed=&raquo;1000&#8243; animation_delay=&raquo;400&#8243; width=&raquo;1\/2&#8243; uncode_shortcode_id=&raquo;937450&#8243; back_color_type=&raquo;uncode-palette&raquo; link_to=&raquo;url:%23&#8243;][uncode_index el_id=&raquo;index-930574&#8243; index_type=&raquo;carousel&raquo; loop=&raquo;size:3|order_by:date|post_type:post|taxonomy_count:10&#8243; carousel_lg=&raquo;1&#8243; carousel_md=&raquo;1&#8243; carousel_sm=&raquo;1&#8243; thumb_size=&raquo;five-four&raquo; gutter_size=&raquo;3&#8243; post_items=&raquo;media|featured|onpost|original,date,title,text|excerpt|60&#8243; carousel_interval=&raquo;5000&#8243; carousel_navspeed=&raquo;1000&#8243; carousel_loop=&raquo;yes&raquo; stage_padding=&raquo;0&#8243; single_text=&raquo;lateral&raquo; single_image_size=&raquo;2&#8243; single_style=&raquo;dark&raquo; single_shape=&raquo;round&raquo; single_overlay_opacity=&raquo;50&#8243; single_overlay_anim=&raquo;no&raquo; single_text_anim=&raquo;no&raquo; single_image_anim=&raquo;no&raquo; single_padding=&raquo;2&#8243; single_text_reduced=&raquo;yes&raquo; single_title_family=&raquo;font-469684&#8243; single_title_dimension=&raquo;h5&#8243; single_title_weight=&raquo;500&#8243; single_title_height=&raquo;fontheight-357766&#8243; single_meta_custom_typo=&raquo;yes&raquo; single_meta_size=&raquo;large&raquo; single_meta_weight=&raquo;600&#8243; single_border=&raquo;yes&raquo; uncode_shortcode_id=&raquo;270916&#8243;][\/vc_column_inner][\/vc_row_inner][\/vc_column][\/vc_row][vc_row unlock_row_content=&raquo;yes&raquo; row_height_percent=&raquo;0&#8243; override_padding=&raquo;yes&raquo; h_padding=&raquo;4&#8243; top_padding=&raquo;5&#8243; bottom_padding=&raquo;5&#8243; overlay_alpha=&raquo;50&#8243; gutter_size=&raquo;4&#8243; column_width_percent=&raquo;100&#8243; shift_y=&raquo;0&#8243; z_index=&raquo;0&#8243; uncode_shortcode_id=&raquo;190826&#8243;][vc_column column_width_percent=&raquo;100&#8243; gutter_size=&raquo;5&#8243; overlay_alpha=&raquo;50&#8243; shift_x=&raquo;0&#8243; shift_y=&raquo;0&#8243; shift_y_down=&raquo;0&#8243; z_index=&raquo;0&#8243; medium_width=&raquo;0&#8243; mobile_width=&raquo;0&#8243; width=&raquo;1\/1&#8243; uncode_shortcode_id=&raquo;147908&#8243;][vc_row_inner row_inner_height_percent=&raquo;0&#8243; overlay_alpha=&raquo;50&#8243; gutter_size=&raquo;4&#8243; shift_y=&raquo;0&#8243; z_index=&raquo;0&#8243; limit_content=&raquo;&raquo; uncode_shortcode_id=&raquo;153020&#8243;][vc_column_inner column_width_percent=&raquo;100&#8243; gutter_size=&raquo;3&#8243; overlay_alpha=&raquo;50&#8243; shift_x=&raquo;0&#8243; shift_y=&raquo;0&#8243; shift_y_down=&raquo;0&#8243; z_index=&raquo;0&#8243; medium_width=&raquo;0&#8243; mobile_width=&raquo;0&#8243; css_animation=&raquo;left-t-right&raquo; width=&raquo;1\/2&#8243; uncode_shortcode_id=&raquo;498430&#8243;][vc_custom_heading text_color=&raquo;color-188356&#8243; text_font=&raquo;font-469684&#8243; text_size=&raquo;fontsize-155944&#8243; text_weight=&raquo;500&#8243; uncode_shortcode_id=&raquo;188225&#8243; text_color_type=&raquo;uncode-palette&raquo;]Bli en del<br \/>\nav teamet[\/vc_custom_heading][\/vc_column_inner][vc_column_inner column_width_percent=&raquo;100&#8243; gutter_size=&raquo;3&#8243; overlay_alpha=&raquo;50&#8243; shift_x=&raquo;0&#8243; shift_y=&raquo;0&#8243; shift_y_down=&raquo;0&#8243; z_index=&raquo;0&#8243; medium_width=&raquo;0&#8243; mobile_width=&raquo;0&#8243; css_animation=&raquo;right-t-left&raquo; width=&raquo;1\/2&#8243; uncode_shortcode_id=&raquo;376075&#8243;][vc_custom_heading text_color=&raquo;color-wvjs&raquo; heading_semantic=&raquo;h3&#8243; text_font=&raquo;font-469684&#8243; text_size=&raquo;custom&raquo; text_weight=&raquo;400&#8243; text_height=&raquo;fontheight-357766&#8243; uncode_shortcode_id=&raquo;114040&#8243; text_color_type=&raquo;uncode-palette&raquo; heading_custom_size=&raquo;clamp(20px,3vw,24px)&raquo;]Bli en del av v\u00e5rt team og bidra til \u00e5 forme fremtidens bygg og infrastruktur. Vi s\u00f8ker dyktige fagfolk som trives i et dynamisk og innovativt milj\u00f8. Se v\u00e5re ledige stillinger og ta neste steg i din karriere hos oss.[\/vc_custom_heading][vc_empty_space empty_h=&raquo;1&#8243;][\/vc_column_inner][\/vc_row_inner][vc_accordion typography=&raquo;advanced&raquo; sign=&raquo;plus&raquo; sign_size=&raquo;md&raquo; content_border=&raquo;yes&raquo; gutter_simple=&raquo;1&#8243; no_h_padding=&raquo;yes&raquo; titles_font=&raquo;font-469684&#8243; titles_size=&raquo;custom&raquo; titles_weight=&raquo;500&#8243; uncode_shortcode_id=&raquo;757180&#8243; active_tab=&raquo;0&#8243; heading_custom_size=&raquo;clamp(20px,3vw,30px)&raquo;][vc_accordion_tab gutter_size=&raquo;2&#8243; column_padding=&raquo;2&#8243; title=&raquo;Sivil ingeni\u00f8r&raquo; tab_id=&raquo;559d-7b8a17406944807801740760347928&#8243;][vc_single_image media=&raquo;145841&#8243; media_width_percent=&raquo;30&#8243; css_animation=&raquo;top-t-bottom&raquo; uncode_shortcode_id=&raquo;991914&#8243;][vc_empty_space empty_h=&raquo;2&#8243;][vc_button button_color=&raquo;color-188356&#8243; border_width=&raquo;0&#8243; css_animation=&raquo;top-t-bottom&raquo; link=&raquo;url:https%3A%2F%2Flevelpersonal.no%2Fstillinger-cv%2F%3Fcvpr%3D3000811%26cvpage%3Djob|target:_blank&raquo; button_color_type=&raquo;uncode-palette&raquo; uncode_shortcode_id=&raquo;974761&#8243;]Ser mer p\u00e5 levelpersonal.no[\/vc_button][vc_empty_space empty_h=&raquo;2&#8243;][uncode_list icon=&raquo;fa fa-chevron-right3&#8243; icon_color=&raquo;color-188356&#8243; css_animation=&raquo;top-t-bottom&raquo; uncode_shortcode_id=&raquo;732895&#8243; icon_color_type=&raquo;uncode-palette&raquo;]<strong>Arbeidsoppgaver &#8211;<\/strong><br \/>\n<strong>Agderplan AS s\u00f8ker etter sivil ingeni\u00f8r med lang erfaring innen Byggeteknikk.<\/strong><\/p>\n<ul>\n<li>Prosjektering og r\u00e5dgivning innenfor fagomr\u00e5det<\/li>\n<li>Oppdragsledelse<\/li>\n<li>Innsalg av prosjekter og utarbeidelse av tilbud<\/li>\n<li>Kvalitetssikring og oppf\u00f8lging av medarbeidere<\/li>\n<li>Markedskontakt og kundeoppf\u00f8lging<\/li>\n<\/ul>\n<p>[\/uncode_list][uncode_list icon=&raquo;fa fa-chevron-right3&#8243; icon_color=&raquo;color-188356&#8243; css_animation=&raquo;top-t-bottom&raquo; uncode_shortcode_id=&raquo;262055&#8243; icon_color_type=&raquo;uncode-palette&raquo;]<strong>Din bakgrunn &#8211; Hvis du oppfyller noen av kvalifikasjonene under, s\u00e5 \u00f8nsker vi at du tar kontakt med oss:<\/strong><\/p>\n<ul>\n<li>Du er Sivilingeni\u00f8r med minst 5 \u00e5rs erfaring, fra r\u00e5dgivende ingeni\u00f8r bygg.<\/li>\n<li>Erfaring fra entrepren\u00f8r, offentlig forvaltning eller annen relevant virksomhet innenfor fagomr\u00e5det vil telle positivt.<\/li>\n<li>Du har gode fagkunnskaper og stor interesse for fagomr\u00e5det byggeteknikk\/ RIB.<\/li>\n<li>Du har god kjennskap til Revit eller annen 3d-modellering, og tekniske beregningsprogrammer innenfor fagomr\u00e5det<\/li>\n<li>Du kommuniserer godt skriftlig og muntlig.<\/li>\n<li>Du har positive holdninger og godt hum\u00f8r.<\/li>\n<li>Du viser engasjement i arbeidet.<\/li>\n<li>Du er en lagspiller, og samarbeider godt b\u00e5de internt og eksternt<\/li>\n<li>Du er fremtidsrettet og nytenkende.<\/li>\n<\/ul>\n<p>&nbsp;<\/p>\n<p>S\u00e6rdeles gode betingelser for den rette person.[\/uncode_list][\/vc_accordion_tab][\/vc_accordion][\/vc_column][\/vc_row]<\/p>\n<\/div>","protected":false},"excerpt":{"rendered":"<p>[vc_row unlock_row_content=&raquo;yes&raquo; row_height_percent=&raquo;100&#8243; override_padding=&raquo;yes&raquo; h_padding=&raquo;4&#8243; top_padding=&raquo;5&#8243; bottom_padding=&raquo;2&#8243; back_color=&raquo;color-nhtu&raquo; back_image=&raquo;145808&#8243; overlay_color=&raquo;color-188356&#8243; overlay_alpha=&raquo;0&#8243; gutter_size=&raquo;3&#8243; column_width_percent=&raquo;100&#8243; shift_y=&raquo;0&#8243; z_index=&raquo;0&#8243; bottom_divider=&raquo;gradient&raquo; content_parallax=&raquo;3&#8243; uncode_shortcode_id=&raquo;859460&#8243; back_color_type=&raquo;uncode-palette&raquo; el_class=&raquo;overflow-hidden&raquo; [&hellip;]<\/p>\n","protected":false},"author":1,"featured_media":145294,"parent":0,"menu_order":0,"comment_status":"closed","ping_status":"closed","template":"","meta":{"footnotes":""},"class_list":["post-145837","page","type-page","status-publish","has-post-thumbnail","hentry","page_category-creative","page_category-business"],"_links":{"self":[{"href":"https:\/\/energyconsult-group.no\/no\/wp-json\/wp\/v2\/pages\/145837","targetHints":{"allow":["GET"]}}],"collection":[{"href":"https:\/\/energyconsult-group.no\/no\/wp-json\/wp\/v2\/pages"}],"about":[{"href":"https:\/\/energyconsult-group.no\/no\/wp-json\/wp\/v2\/types\/page"}],"author":[{"embeddable":true,"href":"https:\/\/energyconsult-group.no\/no\/wp-json\/wp\/v2\/users\/1"}],"replies":[{"embeddable":true,"href":"https:\/\/energyconsult-group.no\/no\/wp-json\/wp\/v2\/comments?post=145837"}],"version-history":[{"count":8,"href":"https:\/\/energyconsult-group.no\/no\/wp-json\/wp\/v2\/pages\/145837\/revisions"}],"predecessor-version":[{"id":147462,"href":"https:\/\/energyconsult-group.no\/no\/wp-json\/wp\/v2\/pages\/145837\/revisions\/147462"}],"wp:featuredmedia":[{"embeddable":true,"href":"https:\/\/energyconsult-group.no\/no\/wp-json\/wp\/v2\/media\/145294"}],"wp:attachment":[{"href":"https:\/\/energyconsult-group.no\/no\/wp-json\/wp\/v2\/media?parent=145837"}],"curies":[{"name":"wp","href":"https:\/\/api.w.org\/{rel}","templated":true}]}}