{"id":145819,"date":"2025-02-28T16:14:22","date_gmt":"2025-02-28T16:14:22","guid":{"rendered":"https:\/\/energyconsult-group.no\/?page_id=145819"},"modified":"2025-03-05T14:11:31","modified_gmt":"2025-03-05T14:11:31","slug":"agderplan-om-oss","status":"publish","type":"page","link":"https:\/\/energyconsult-group.no\/no\/agderplan-om-oss\/","title":{"rendered":"Agderplan &#8211; Om oss"},"content":{"rendered":"<div class=\"wpb-content-wrapper\"><p>[vc_row unlock_row_content=&raquo;yes&raquo; row_height_percent=&raquo;100&#8243; override_padding=&raquo;yes&raquo; h_padding=&raquo;4&#8243; top_padding=&raquo;5&#8243; bottom_padding=&raquo;2&#8243; back_color=&raquo;color-nhtu&raquo; back_image=&raquo;145806&#8243; overlay_color=&raquo;color-188356&#8243; overlay_alpha=&raquo;0&#8243; gutter_size=&raquo;3&#8243; column_width_percent=&raquo;100&#8243; shift_y=&raquo;0&#8243; z_index=&raquo;0&#8243; bottom_divider=&raquo;gradient&raquo; content_parallax=&raquo;3&#8243; uncode_shortcode_id=&raquo;213651&#8243; back_color_type=&raquo;uncode-palette&raquo; el_class=&raquo;overflow-hidden&raquo; overlay_color_type=&raquo;uncode-palette&raquo;][vc_column column_width_percent=&raquo;100&#8243; position_vertical=&raquo;bottom&raquo; gutter_size=&raquo;4&#8243; style=&raquo;dark&raquo; overlay_alpha=&raquo;50&#8243; shift_x=&raquo;0&#8243; shift_y=&raquo;0&#8243; shift_y_down=&raquo;0&#8243; z_index=&raquo;0&#8243; medium_width=&raquo;0&#8243; mobile_width=&raquo;0&#8243; width=&raquo;1\/1&#8243; uncode_shortcode_id=&raquo;112102&#8243;][vc_row_inner row_inner_height_percent=&raquo;0&#8243; overlay_alpha=&raquo;50&#8243; gutter_size=&raquo;4&#8243; shift_y=&raquo;0&#8243; z_index=&raquo;0&#8243; limit_content=&raquo;&raquo; uncode_shortcode_id=&raquo;171274&#8243;][vc_column_inner column_width_percent=&raquo;100&#8243; gutter_size=&raquo;3&#8243; style=&raquo;dark&raquo; overlay_alpha=&raquo;50&#8243; shift_x=&raquo;0&#8243; shift_y=&raquo;0&#8243; shift_y_down=&raquo;0&#8243; z_index=&raquo;0&#8243; medium_width=&raquo;0&#8243; mobile_width=&raquo;0&#8243; width=&raquo;8\/12&#8243; uncode_shortcode_id=&raquo;898854&#8243;][vc_empty_space empty_h=&raquo;5&#8243;][vc_custom_heading text_font=&raquo;font-469684&#8243; text_size=&raquo;custom&raquo; text_weight=&raquo;500&#8243; css_animation=&raquo;curtain&raquo; animation_speed=&raquo;1000&#8243; animation_delay=&raquo;400&#8243; uncode_shortcode_id=&raquo;733306&#8243; heading_custom_size=&raquo;clamp(43px,5vw,100px)&raquo;]Om oss[\/vc_custom_heading][\/vc_column_inner][vc_column_inner column_width_percent=&raquo;100&#8243; position_vertical=&raquo;middle&raquo; align_horizontal=&raquo;align_center&raquo; gutter_size=&raquo;2&#8243; style=&raquo;dark&raquo; overlay_alpha=&raquo;50&#8243; shift_x=&raquo;0&#8243; shift_y=&raquo;0&#8243; shift_y_down=&raquo;0&#8243; z_index=&raquo;0&#8243; desktop_visibility=&raquo;yes&raquo; medium_visibility=&raquo;yes&raquo; medium_width=&raquo;0&#8243; mobile_visibility=&raquo;yes&raquo; mobile_width=&raquo;0&#8243; css_animation=&raquo;right-t-left&raquo; width=&raquo;2\/12&#8243; uncode_shortcode_id=&raquo;137307&#8243; link_to=&raquo;url:https%3A%2F%2Fwww.dibk.no%2Fsentral-godkjenning%2Fcentral-approval-in-english%2Fabout-central-approval|target:_blank&raquo;][vc_single_image media=&raquo;145157&#8243; media_width_percent=&raquo;20&#8243; alignment=&raquo;center&raquo; uncode_shortcode_id=&raquo;559676&#8243;][vc_custom_heading heading_semantic=&raquo;h6&#8243; text_font=&raquo;font-469684&#8243; text_size=&raquo;h4&#8243; text_weight=&raquo;500&#8243; uncode_shortcode_id=&raquo;201327&#8243;]\u2e3a Certified Expertise by the<br \/>\nNorwegian Building Authority[\/vc_custom_heading][\/vc_column_inner][vc_column_inner column_width_percent=&raquo;100&#8243; gutter_size=&raquo;2&#8243; style=&raquo;dark&raquo; overlay_alpha=&raquo;50&#8243; shift_x=&raquo;0&#8243; shift_y=&raquo;0&#8243; shift_y_down=&raquo;0&#8243; z_index=&raquo;0&#8243; desktop_visibility=&raquo;yes&raquo; medium_visibility=&raquo;yes&raquo; medium_width=&raquo;0&#8243; mobile_visibility=&raquo;yes&raquo; mobile_width=&raquo;0&#8243; css_animation=&raquo;alpha-anim&raquo; animation_speed=&raquo;1000&#8243; width=&raquo;2\/12&#8243; uncode_shortcode_id=&raquo;194512&#8243;][vc_icon icon_image=&raquo;145132&#8243; media_size=&raquo;300&#8243; uncode_shortcode_id=&raquo;173871&#8243;][\/vc_icon][vc_custom_heading heading_semantic=&raquo;h6&#8243; text_font=&raquo;font-469684&#8243; text_size=&raquo;h5&#8243; uncode_shortcode_id=&raquo;173155&#8243;]Energy Awards 2024[\/vc_custom_heading][\/vc_column_inner][\/vc_row_inner][vc_row_inner row_inner_height_percent=&raquo;0&#8243; overlay_alpha=&raquo;50&#8243; gutter_size=&raquo;4&#8243; shift_y=&raquo;0&#8243; z_index=&raquo;0&#8243; limit_content=&raquo;&raquo; uncode_shortcode_id=&raquo;134686&#8243;][vc_column_inner column_width_percent=&raquo;100&#8243; gutter_size=&raquo;3&#8243; style=&raquo;dark&raquo; overlay_alpha=&raquo;50&#8243; shift_x=&raquo;0&#8243; shift_y=&raquo;0&#8243; shift_y_down=&raquo;0&#8243; z_index=&raquo;0&#8243; medium_width=&raquo;4&#8243; mobile_visibility=&raquo;yes&raquo; mobile_width=&raquo;0&#8243; css_animation=&raquo;alpha-anim&raquo; animation_speed=&raquo;1000&#8243; width=&raquo;1\/4&#8243; uncode_shortcode_id=&raquo;104577&#8243; css=&raquo;.vc_custom_1680601715767{padding-top: 0px !important;}&raquo;][vc_custom_heading heading_semantic=&raquo;h6&#8243; text_font=&raquo;font-469684&#8243; text_size=&raquo;h3&#8243; text_weight=&raquo;400&#8243; uncode_shortcode_id=&raquo;101031&#8243;]\u2e3a V\u00e5r rolle og m\u00e5l.[\/vc_custom_heading][\/vc_column_inner][vc_column_inner column_width_percent=&raquo;100&#8243; gutter_size=&raquo;3&#8243; style=&raquo;dark&raquo; overlay_alpha=&raquo;50&#8243; shift_x=&raquo;0&#8243; shift_y=&raquo;0&#8243; shift_y_down=&raquo;0&#8243; z_index=&raquo;0&#8243; desktop_visibility=&raquo;yes&raquo; medium_visibility=&raquo;yes&raquo; medium_width=&raquo;4&#8243; mobile_visibility=&raquo;yes&raquo; mobile_width=&raquo;0&#8243; css_animation=&raquo;alpha-anim&raquo; animation_speed=&raquo;1000&#8243; width=&raquo;1\/4&#8243; uncode_shortcode_id=&raquo;883837&#8243; css=&raquo;.vc_custom_1739357435612{padding-top: 0px !important;}&raquo;][vc_custom_heading heading_semantic=&raquo;h6&#8243; text_font=&raquo;font-469684&#8243; text_size=&raquo;h3&#8243; text_weight=&raquo;400&#8243; uncode_shortcode_id=&raquo;190169&#8243;]\u2e3a We bring projects to life![\/vc_custom_heading][\/vc_column_inner][vc_column_inner column_width_percent=&raquo;100&#8243; gutter_size=&raquo;3&#8243; overlay_alpha=&raquo;50&#8243; shift_x=&raquo;0&#8243; shift_y=&raquo;0&#8243; shift_y_down=&raquo;0&#8243; z_index=&raquo;0&#8243; medium_width=&raquo;0&#8243; mobile_width=&raquo;0&#8243; width=&raquo;6\/12&#8243; uncode_shortcode_id=&raquo;557331&#8243;][vc_empty_space empty_h=&raquo;4&#8243; medium_visibility=&raquo;yes&raquo; mobile_visibility=&raquo;yes&raquo;][\/vc_column_inner][\/vc_row_inner][vc_row_inner row_inner_height_percent=&raquo;0&#8243; overlay_alpha=&raquo;50&#8243; equal_height=&raquo;yes&raquo; gutter_size=&raquo;0&#8243; shift_y=&raquo;0&#8243; z_index=&raquo;0&#8243; mobile_visibility=&raquo;yes&raquo; limit_content=&raquo;&raquo; uncode_shortcode_id=&raquo;134015&#8243;][vc_column_inner column_width_percent=&raquo;100&#8243; gutter_size=&raquo;3&#8243; overlay_alpha=&raquo;50&#8243; shift_x=&raquo;0&#8243; shift_y=&raquo;0&#8243; shift_y_down=&raquo;0&#8243; z_index=&raquo;0&#8243; medium_visibility=&raquo;yes&raquo; medium_width=&raquo;0&#8243; mobile_visibility=&raquo;yes&raquo; mobile_width=&raquo;0&#8243; width=&raquo;1\/2&#8243; uncode_shortcode_id=&raquo;166118&#8243;][\/vc_column_inner][vc_column_inner column_width_percent=&raquo;100&#8243; gutter_size=&raquo;2&#8243; style=&raquo;dark&raquo; font_family=&raquo;font-469684&#8243; back_color=&raquo;color-188356&#8243; overlay_alpha=&raquo;50&#8243; radius=&raquo;std&raquo; shift_x=&raquo;0&#8243; shift_y=&raquo;0&#8243; shift_y_down=&raquo;0&#8243; z_index=&raquo;0&#8243; desktop_visibility=&raquo;yes&raquo; medium_visibility=&raquo;yes&raquo; medium_width=&raquo;0&#8243; mobile_visibility=&raquo;yes&raquo; mobile_width=&raquo;0&#8243; css_animation=&raquo;bottom-t-top&raquo; animation_speed=&raquo;1000&#8243; animation_delay=&raquo;400&#8243; width=&raquo;1\/2&#8243; uncode_shortcode_id=&raquo;937450&#8243; back_color_type=&raquo;uncode-palette&raquo; link_to=&raquo;url:%23&#8243;][uncode_index el_id=&raquo;index-930574&#8243; index_type=&raquo;carousel&raquo; loop=&raquo;size:3|order_by:date|post_type:post|taxonomy_count:10&#8243; carousel_lg=&raquo;1&#8243; carousel_md=&raquo;1&#8243; carousel_sm=&raquo;1&#8243; thumb_size=&raquo;five-four&raquo; gutter_size=&raquo;3&#8243; post_items=&raquo;media|featured|onpost|original,date,title,text|excerpt|60&#8243; carousel_interval=&raquo;5000&#8243; carousel_navspeed=&raquo;1000&#8243; carousel_loop=&raquo;yes&raquo; stage_padding=&raquo;0&#8243; single_text=&raquo;lateral&raquo; single_image_size=&raquo;2&#8243; single_style=&raquo;dark&raquo; single_shape=&raquo;round&raquo; single_overlay_opacity=&raquo;50&#8243; single_overlay_anim=&raquo;no&raquo; single_text_anim=&raquo;no&raquo; single_image_anim=&raquo;no&raquo; single_padding=&raquo;2&#8243; single_text_reduced=&raquo;yes&raquo; single_title_family=&raquo;font-469684&#8243; single_title_dimension=&raquo;h5&#8243; single_title_weight=&raquo;500&#8243; single_title_height=&raquo;fontheight-357766&#8243; single_meta_custom_typo=&raquo;yes&raquo; single_meta_size=&raquo;large&raquo; single_meta_weight=&raquo;600&#8243; single_border=&raquo;yes&raquo; uncode_shortcode_id=&raquo;270916&#8243;][\/vc_column_inner][\/vc_row_inner][\/vc_column][\/vc_row][vc_row unlock_row_content=&raquo;yes&raquo; row_height_percent=&raquo;0&#8243; override_padding=&raquo;yes&raquo; h_padding=&raquo;4&#8243; top_padding=&raquo;5&#8243; bottom_padding=&raquo;5&#8243; overlay_alpha=&raquo;50&#8243; gutter_size=&raquo;4&#8243; column_width_percent=&raquo;100&#8243; shift_y=&raquo;0&#8243; z_index=&raquo;0&#8243; uncode_shortcode_id=&raquo;190826&#8243;][vc_column column_width_percent=&raquo;100&#8243; gutter_size=&raquo;5&#8243; overlay_alpha=&raquo;50&#8243; shift_x=&raquo;0&#8243; shift_y=&raquo;0&#8243; shift_y_down=&raquo;0&#8243; z_index=&raquo;0&#8243; medium_width=&raquo;0&#8243; mobile_width=&raquo;0&#8243; width=&raquo;1\/1&#8243; uncode_shortcode_id=&raquo;147908&#8243;][vc_row_inner row_inner_height_percent=&raquo;0&#8243; overlay_alpha=&raquo;50&#8243; gutter_size=&raquo;4&#8243; shift_y=&raquo;0&#8243; z_index=&raquo;0&#8243; limit_content=&raquo;&raquo; uncode_shortcode_id=&raquo;153020&#8243;][vc_column_inner column_width_percent=&raquo;100&#8243; gutter_size=&raquo;3&#8243; overlay_alpha=&raquo;50&#8243; shift_x=&raquo;0&#8243; shift_y=&raquo;0&#8243; shift_y_down=&raquo;0&#8243; z_index=&raquo;0&#8243; medium_width=&raquo;0&#8243; mobile_width=&raquo;0&#8243; css_animation=&raquo;left-t-right&raquo; width=&raquo;1\/2&#8243; uncode_shortcode_id=&raquo;498430&#8243;][vc_custom_heading text_color=&raquo;color-188356&#8243; text_font=&raquo;font-469684&#8243; text_size=&raquo;fontsize-155944&#8243; text_weight=&raquo;500&#8243; css_animation=&raquo;left-t-right&raquo; uncode_shortcode_id=&raquo;136064&#8243; text_color_type=&raquo;uncode-palette&raquo;]En kort presentasjon<br \/>\nav Agderplan AS[\/vc_custom_heading][\/vc_column_inner][vc_column_inner column_width_percent=&raquo;100&#8243; gutter_size=&raquo;3&#8243; overlay_alpha=&raquo;50&#8243; shift_x=&raquo;0&#8243; shift_y=&raquo;0&#8243; shift_y_down=&raquo;0&#8243; z_index=&raquo;0&#8243; medium_width=&raquo;0&#8243; mobile_width=&raquo;0&#8243; css_animation=&raquo;right-t-left&raquo; width=&raquo;1\/2&#8243; uncode_shortcode_id=&raquo;376075&#8243;][vc_custom_heading text_color=&raquo;color-wvjs&raquo; heading_semantic=&raquo;h3&#8243; text_font=&raquo;font-469684&#8243; text_size=&raquo;custom&raquo; text_weight=&raquo;400&#8243; text_height=&raquo;fontheight-357766&#8243; css_animation=&raquo;bottom-t-top&raquo; uncode_shortcode_id=&raquo;402570&#8243; text_color_type=&raquo;uncode-palette&raquo; heading_custom_size=&raquo;clamp(20px,3vw,24px)&raquo;]AGDERPLAN AS er et r\u00e5dgivende ingeni\u00f8rkontor innen fagomr\u00e5dene byggeteknikk, geoteknikk, byggeledelse og prosjektledelse. Firmaet ble etablert i 1970 og som AS i 1975. Bedriften ble i 2022 oppkj\u00f8pt av Energy Consult AS og er en del av deres virksomhet. Firmaet engasjerer pr. dags dato en sivilingeni\u00f8r og to ingeni\u00f8r p\u00e5 heltid.<\/p>\n<p>&nbsp;<\/p>\n<p>Vi har hatt og har en lang rekke offentlige og private oppdrag innen v\u00e5re fagomr\u00e5der, spredt over hele S\u00f8r-Norge. Firmaet er medlem av R\u00e5dgivende Ingeni\u00f8rers Forening.<\/p>\n<p>&nbsp;<\/p>\n<p>For kvalitetskontroll benyttes kvalitetssystem utarbeidet i henhold til forskrifter og EN-NS- ISO 9002.[\/vc_custom_heading][\/vc_column_inner][\/vc_row_inner][\/vc_column][\/vc_row]<\/p>\n<\/div>","protected":false},"excerpt":{"rendered":"<p>[vc_row unlock_row_content=&raquo;yes&raquo; row_height_percent=&raquo;100&#8243; override_padding=&raquo;yes&raquo; h_padding=&raquo;4&#8243; top_padding=&raquo;5&#8243; bottom_padding=&raquo;2&#8243; back_color=&raquo;color-nhtu&raquo; back_image=&raquo;145806&#8243; overlay_color=&raquo;color-188356&#8243; overlay_alpha=&raquo;0&#8243; gutter_size=&raquo;3&#8243; column_width_percent=&raquo;100&#8243; shift_y=&raquo;0&#8243; z_index=&raquo;0&#8243; bottom_divider=&raquo;gradient&raquo; content_parallax=&raquo;3&#8243; uncode_shortcode_id=&raquo;213651&#8243; back_color_type=&raquo;uncode-palette&raquo; el_class=&raquo;overflow-hidden&raquo; [&hellip;]<\/p>\n","protected":false},"author":1,"featured_media":145758,"parent":0,"menu_order":0,"comment_status":"closed","ping_status":"closed","template":"","meta":{"footnotes":""},"class_list":["post-145819","page","type-page","status-publish","has-post-thumbnail","hentry"],"_links":{"self":[{"href":"https:\/\/energyconsult-group.no\/no\/wp-json\/wp\/v2\/pages\/145819","targetHints":{"allow":["GET"]}}],"collection":[{"href":"https:\/\/energyconsult-group.no\/no\/wp-json\/wp\/v2\/pages"}],"about":[{"href":"https:\/\/energyconsult-group.no\/no\/wp-json\/wp\/v2\/types\/page"}],"author":[{"embeddable":true,"href":"https:\/\/energyconsult-group.no\/no\/wp-json\/wp\/v2\/users\/1"}],"replies":[{"embeddable":true,"href":"https:\/\/energyconsult-group.no\/no\/wp-json\/wp\/v2\/comments?post=145819"}],"version-history":[{"count":5,"href":"https:\/\/energyconsult-group.no\/no\/wp-json\/wp\/v2\/pages\/145819\/revisions"}],"predecessor-version":[{"id":145863,"href":"https:\/\/energyconsult-group.no\/no\/wp-json\/wp\/v2\/pages\/145819\/revisions\/145863"}],"wp:featuredmedia":[{"embeddable":true,"href":"https:\/\/energyconsult-group.no\/no\/wp-json\/wp\/v2\/media\/145758"}],"wp:attachment":[{"href":"https:\/\/energyconsult-group.no\/no\/wp-json\/wp\/v2\/media?parent=145819"}],"curies":[{"name":"wp","href":"https:\/\/api.w.org\/{rel}","templated":true}]}}